{"id":26624,"date":"2015-11-25T15:04:39","date_gmt":"2015-11-25T14:04:39","guid":{"rendered":"https:\/\/bpmakowmaz.pl\/tematyczne\/"},"modified":"2022-11-07T13:15:02","modified_gmt":"2022-11-07T12:15:02","slug":"tematyczne","status":"publish","type":"page","link":"https:\/\/bpmakowmaz.pl\/uk\/tematyczne\/","title":{"rendered":"\u0422\u0435\u043c\u0430\u0442\u0438\u0447\u043d\u0456 \u0441\u043f\u0438\u0441\u043a\u0438 \u0441\u043f\u0435\u0446\u0456\u0430\u043b\u044c\u043d\u0438\u0445 \u043a\u043e\u043b\u0435\u043a\u0446\u0456\u0439"},"content":{"rendered":"\n<figure class=\"wp-block-table is-style-stripes\"><table><tbody><tr><td><a href=\"\/mis\/\">\u201eMi\u015b \u2013 przyjaciel z dzieci\u0144stwa\u201d:<\/a>&nbsp;Multimedia dost\u0119pne w zbiorach specjalnych BP w Ostro\u0142\u0119ce (wyb\u00f3r).<\/td><\/tr><tr><td><a href=\"\/bajkoterapia-3\/\">Bajkoterapia:<\/a>&nbsp;Audiobooki dost\u0119pne w Dziale Zbior\u00f3w Specjalnych Biblioteki Pedagogicznej w Ostro\u0142\u0119ce (wyb\u00f3r).<\/td><\/tr><tr><td><a href=\"\/boze-2\/\">Bo\u017ce Narodzenie<\/a>&nbsp;\u2013 zestawienie. Ostro\u0142\u0119ka 2019<\/td><\/tr><tr><td><a href=\"\/doradztwo-2\/\">Doradztwo zawodowe<\/a>&nbsp;\u2013 Multimedia BP w Ostro\u0142\u0119ce 2020<\/td><\/tr><tr><td><a href=\"\/dysleksja-2\/\">Dysleksja, dysgrafia, dysortografia, dyskalkulia<\/a>&nbsp;\u2013 zestawienie bibliograficzne zbior\u00f3w multimedialnych. Ostro\u0142\u0119ka 2020<\/td><\/tr><tr><td><a href=\"\/fantastyka-audiobooki\/\">Fantastyka&nbsp;\u2013 audiobooki<\/a> \u2013 zestawienie. Ostro\u0142\u0119ka 2018<\/td><\/tr><tr><td><a href=\"\/filmy\/\">Filmy fantastyczne<\/a>&nbsp;\u2013 zestawienie. Ostro\u0142\u0119ka 2018<\/td><\/tr><tr><td><a href=\"\/filmy-2\/\">Filmy z przes\u0142aniem<\/a>\u2013 zestawienie. Ostro\u0142\u0119ka 2018<\/td><\/tr><tr><td><a href=\"\/filozofia\/\">Filozofia<\/a>\u2013 zestawienie bibliograficzne zbior\u00f3w multimedialnych. Ostro\u0142\u0119ka 2019<\/td><\/tr><tr><td><a href=\"\/fizyka-3\/\">Fizyka w Dziale Zbior\u00f3w Specjalnych<\/a>. Ostro\u0142\u0119ka 2020<\/td><\/tr><tr><td><a href=\"\/julian\/\">Julian Tuwim<\/a>\u2013 zestawienie. Ostro\u0142\u0119ka 2019<\/td><\/tr><tr><td><a href=\"https:\/\/bpmakowmaz.pl\/uk\/slowacki\/\">Juliusz S\u0142owacki<\/a>\u2013 zestawienie. Ostro\u0142\u0119ka 2019<\/td><\/tr><tr><td><a href=\"\/maria\/\">Konopnicka Maria<\/a>&nbsp;\u2013 bibliografia podmiotowo \u2013 przedmiotowa. Ostro\u0142\u0119ka 2020<\/td><\/tr><tr><td><a href=\"\/kurpie\/\">Kurpie w Dziale Zbior\u00f3w Specjalnych<\/a>&nbsp;\u2013 zestawienie. Ostro\u0142\u0119ka 2020<\/td><\/tr><tr><td><a href=\"\/laureaci\/\">Laureaci festiwalu filmowego w Gdyni<\/a>&nbsp;\u2013 zestawienie. Ostro\u0142\u0119ka 2018<\/td><\/tr><tr><td><a href=\"\/nauczyciele\/\">Nauczyciele w filmie fabularnym<\/a>&nbsp;\u2013 zestawienie. Ostro\u0142\u0119ka 2019<\/td><\/tr><tr><td><a href=\"\/opera\/\">Opera i operetka w Dziale Zbior\u00f3w Specjalnych<\/a>&nbsp;\u2013 zestawienie. Ostro\u0142\u0119ka 2020<\/td><\/tr><tr><td><a href=\"\/patroni\/\">Patroni roku 2021 w Dziale Zbior\u00f3w Specjalnych<\/a>\u00a0\u2013 zestawienie. Ostro\u0142\u0119ka 2021<\/td><\/tr><tr><td><a href=\"\/sluchowiska\/\">S\u0142uchowiska i bajki s\u0142owno-muzyczne w Dziale Zbior\u00f3w Specjalnych<\/a>&nbsp;\u2013 zestawienie. Ostro\u0142\u0119ka 2020<\/td><\/tr><tr><td><a href=\"\/spektakle\/\">Spektakle teatralne<\/a>\u00a0\u2013 zestawienie. Ostro\u0142\u0119ka 2020<\/td><\/tr><tr><td><a href=\"\/sposoby\/\">Sposoby na pokonanie stresu dla dzieci, m\u0142odzie\u017cy i doros\u0142ych<\/a>\u00a0\u2013 Multimedia dost\u0119pne w Dziale Zbior\u00f3w Specjalnych Biblioteki Pedagogicznej w Ostro\u0142\u0119ce<\/td><\/tr><tr><td><a href=\"\/stefan\/\">Stefan \u017beromski<\/a>\u00a0\u2013 bibliografia podmiotowo \u2013 przedmiotowa. Ostro\u0142\u0119ka 2019<\/td><\/tr><tr><td><a href=\"\/powstanie-warszawskie\/\">Powstanie Warszawskie<\/a>\u00a0\u2013 zestawienie. Ostro\u0142\u0119ka 2018<\/td><\/tr><tr><td><a href=\"\/terapia-3\/\">Terapia logopedyczna<\/a>\u00a0\u2013 Multimedia dost\u0119pne w zbiorach specjalnych BP w Ostro\u0142\u0119ce (wyb\u00f3r)<\/td><\/tr><tr><td><a href=\"\/terapia-2\/\">TERAPIA PSYCHOLOGICZNO-PEDAGOGICZNA \u2013 percepcja s\u0142uchowa i wzrokowa, pami\u0119\u0107 wzrokowa, spostrzegawczo\u015b\u0107, integracja sensoryczna, Metoda Dobrego Startu<\/a>\u00a0\u2013 Multimedia dost\u0119pne w Dziale Zbior\u00f3w Specjalnych BP w Ostro\u0142\u0119ce (wyb\u00f3r)<\/td><\/tr><tr><td><a href=\"\/wielkanoc-2\/\">Wielkanoc<\/a>\u00a0\u2013 Zestawienie bibliograficzne zbior\u00f3w multimedialnych dost\u0119pnych w Bibliotece Pedagogicznej w Ostro\u0142\u0119ce.<\/td><\/tr><tr><td><a href=\"\/wizerunek\/\">Wizerunek os\u00f3b starszych<\/a>\u00a0\u2013 zestawienie tematyczne w wyborze. Ostro\u0142\u0119ka 2019<\/td><\/tr><tr><td><a href=\"\/zapobieganie-otylosci\/\">Zapobieganie oty\u0142o\u015bci<\/a>\u2013 zestawienie tematyczne. Ostro\u0142\u0119ka 2019<\/td><\/tr><\/tbody><\/table><\/figure>\n","protected":false},"excerpt":{"rendered":"<p>\u201eMi\u015b \u2013 przyjaciel z dzieci\u0144stwa\u201d:&nbsp;Multimedia dost\u0119pne w zbiorach specjalnych BP w Ostro\u0142\u0119ce (wyb\u00f3r). Bajkoterapia:&nbsp;Audiobooki dost\u0119pne w Dziale Zbior\u00f3w Specjalnych Biblioteki [&hellip;]<\/p>\n","protected":false},"author":2,"featured_media":0,"parent":0,"menu_order":0,"comment_status":"closed","ping_status":"closed","template":"","meta":{"_acf_changed":false,"_oasis_is_in_workflow":0,"_oasis_original":0,"inline_featured_image":false,"site-sidebar-layout":"default","site-content-layout":"","ast-site-content-layout":"default","site-content-style":"default","site-sidebar-style":"default","ast-global-header-display":"","ast-banner-title-visibility":"","ast-main-header-display":"","ast-hfb-above-header-display":"","ast-hfb-below-header-display":"","ast-hfb-mobile-header-display":"","site-post-title":"","ast-breadcrumbs-content":"","ast-featured-img":"","footer-sml-layout":"","ast-disable-related-posts":"","theme-transparent-header-meta":"","adv-header-id-meta":"","stick-header-meta":"","header-above-stick-meta":"","header-main-stick-meta":"","header-below-stick-meta":"","astra-migrate-meta-layouts":"default","ast-page-background-enabled":"default","ast-page-background-meta":{"desktop":{"background-color":"","background-image":"","background-repeat":"repeat","background-position":"center center","background-size":"auto","background-attachment":"scroll","background-type":"","background-media":"","overlay-type":"","overlay-color":"","overlay-opacity":"","overlay-gradient":""},"tablet":{"background-color":"","background-image":"","background-repeat":"repeat","background-position":"center center","background-size":"auto","background-attachment":"scroll","background-type":"","background-media":"","overlay-type":"","overlay-color":"","overlay-opacity":"","overlay-gradient":""},"mobile":{"background-color":"","background-image":"","background-repeat":"repeat","background-position":"center center","background-size":"auto","background-attachment":"scroll","background-type":"","background-media":"","overlay-type":"","overlay-color":"","overlay-opacity":"","overlay-gradient":""}},"ast-content-background-meta":{"desktop":{"background-color":"var(--ast-global-color-5)","background-image":"","background-repeat":"repeat","background-position":"center center","background-size":"auto","background-attachment":"scroll","background-type":"","background-media":"","overlay-type":"","overlay-color":"","overlay-opacity":"","overlay-gradient":""},"tablet":{"background-color":"var(--ast-global-color-5)","background-image":"","background-repeat":"repeat","background-position":"center center","background-size":"auto","background-attachment":"scroll","background-type":"","background-media":"","overlay-type":"","overlay-color":"","overlay-opacity":"","overlay-gradient":""},"mobile":{"background-color":"var(--ast-global-color-5)","background-image":"","background-repeat":"repeat","background-position":"center center","background-size":"auto","background-attachment":"scroll","background-type":"","background-media":"","overlay-type":"","overlay-color":"","overlay-opacity":"","overlay-gradient":""}},"_themeisle_gutenberg_block_has_review":false,"footnotes":""},"class_list":["post-26624","page","type-page","status-publish","hentry"],"acf":[],"featured_image_urls_v2":{"full":"","thumbnail":"","medium":"","medium_large":"","large":"","1536x1536":"","2048x2048":"","menu-24x24":"","menu-36x36":"","menu-48x48":""},"post_excerpt_stackable_v2":"<p>\u201eMi\u015b \u2013 przyjaciel z dzieci\u0144stwa\u201d:&nbsp;Multimedia dost\u0119pne w zbiorach specjalnych BP w Ostro\u0142\u0119ce (wyb\u00f3r).Bajkoterapia:&nbsp;Audiobooki dost\u0119pne w Dziale Zbior\u00f3w Specjalnych Biblioteki Pedagogicznej w Ostro\u0142\u0119ce (wyb\u00f3r).Bo\u017ce Narodzenie&nbsp;\u2013 zestawienie. Ostro\u0142\u0119ka 2019Doradztwo zawodowe&nbsp;\u2013 Multimedia BP w Ostro\u0142\u0119ce 2020Dysleksja, dysgrafia, dysortografia, dyskalkulia&nbsp;\u2013 zestawienie bibliograficzne zbior\u00f3w multimedialnych. Ostro\u0142\u0119ka 2020Fantastyka&nbsp;\u2013 audiobooki \u2013 zestawienie. Ostro\u0142\u0119ka 2018Filmy fantastyczne&nbsp;\u2013 zestawienie. Ostro\u0142\u0119ka 2018Filmy z przes\u0142aniem\u2013 zestawienie. Ostro\u0142\u0119ka 2018Filozofia\u2013 zestawienie bibliograficzne zbior\u00f3w multimedialnych. Ostro\u0142\u0119ka 2019Fizyka w Dziale Zbior\u00f3w Specjalnych. Ostro\u0142\u0119ka 2020Julian Tuwim\u2013 zestawienie. Ostro\u0142\u0119ka 2019Juliusz S\u0142owacki\u2013 zestawienie. Ostro\u0142\u0119ka 2019Konopnicka Maria&nbsp;\u2013 bibliografia podmiotowo \u2013 przedmiotowa. Ostro\u0142\u0119ka 2020Kurpie w Dziale Zbior\u00f3w Specjalnych&nbsp;\u2013 zestawienie. Ostro\u0142\u0119ka 2020Laureaci festiwalu filmowego w Gdyni&nbsp;\u2013 zestawienie. Ostro\u0142\u0119ka 2018Nauczyciele w filmie fabularnym&nbsp;\u2013&hellip;<\/p>\n","category_list_v2":"","author_info_v2":{"name":"","url":"https:\/\/bpmakowmaz.pl\/uk\/author\/"},"comments_num_v2":"0 \u043a\u043e\u043c\u0435\u043d\u0442\u0430\u0440\u0456\u0432","_links":{"self":[{"href":"https:\/\/bpmakowmaz.pl\/uk\/wp-json\/wp\/v2\/pages\/26624","targetHints":{"allow":["GET"]}}],"collection":[{"href":"https:\/\/bpmakowmaz.pl\/uk\/wp-json\/wp\/v2\/pages"}],"about":[{"href":"https:\/\/bpmakowmaz.pl\/uk\/wp-json\/wp\/v2\/types\/page"}],"author":[{"embeddable":true,"href":"https:\/\/bpmakowmaz.pl\/uk\/wp-json\/wp\/v2\/users\/2"}],"replies":[{"embeddable":true,"href":"https:\/\/bpmakowmaz.pl\/uk\/wp-json\/wp\/v2\/comments?post=26624"}],"version-history":[{"count":2,"href":"https:\/\/bpmakowmaz.pl\/uk\/wp-json\/wp\/v2\/pages\/26624\/revisions"}],"predecessor-version":[{"id":26759,"href":"https:\/\/bpmakowmaz.pl\/uk\/wp-json\/wp\/v2\/pages\/26624\/revisions\/26759"}],"wp:attachment":[{"href":"https:\/\/bpmakowmaz.pl\/uk\/wp-json\/wp\/v2\/media?parent=26624"}],"curies":[{"name":"wp","href":"https:\/\/api.w.org\/{rel}","templated":true}]}}