{"id":26477,"date":"2022-02-22T08:45:25","date_gmt":"2022-02-22T07:45:25","guid":{"rendered":"https:\/\/bpmakowmaz.pl\/klauzula-informacyjna\/"},"modified":"2022-11-07T13:10:07","modified_gmt":"2022-11-07T12:10:07","slug":"klauzula-informacyjna","status":"publish","type":"page","link":"https:\/\/bpmakowmaz.pl\/uk\/klauzula-informacyjna\/","title":{"rendered":"\u0406\u043d\u0444\u043e\u0440\u043c\u0430\u0446\u0456\u0439\u043d\u0438\u0439 \u043f\u0443\u043d\u043a\u0442"},"content":{"rendered":"\n<p>1. Administratorem Pani\/Pana danych osobowych, pozyskiwanych na potrzeby \u015bwiadczenia us\u0142ug przez Bibliotek\u0119, jest Pedagogiczna Biblioteka Wojew\u00f3dzka im. Komisji Edukacji Narodowej w&nbsp;Warszawie z siedzib\u0105 w Warszawie, ul. Goc\u0142awska 4, 03-810 Warszawa.<\/p>\n\n\n\n<p>2. Z Bibliotek\u0105 mo\u017cna si\u0119 skontaktowa\u0107:<\/p>\n\n\n\n<ul class=\"wp-block-list\"><li>telefonicznie pod numerem: <a href=\"tel:22 810 46 64\">22 810 46 64<\/a>,<\/li><li>pod adresem e-mail:\u00a0<a href=\"mailto:sekretariat@pbw.waw.pl\">sekretariat@pbw.waw.pl<\/a>,<\/li><li>pisemnie, przesy\u0142aj\u0105c korespondencj\u0119 na wy\u017cej wskazany adres,<\/li><li>w siedzibie Biblioteki.<\/li><\/ul>\n\n\n\n<p>3. We wszystkich sprawach zwi\u0105zanych z przetwarzaniem Pani\/Pana danych osobowych nale\u017cy kontaktowa\u0107 si\u0119 z Inspektorem Ochrony Danych Osobowych, e-mail:&nbsp;<a href=\"mailto:iod@ckziu.waw.pl\">iod@ckziu.waw.pl<\/a>&nbsp;lub pisemnie na adres wskazany powy\u017cej.<\/p>\n\n\n\n<p>4. Pani\/Pana dane osobowe b\u0119d\u0105 przetwarzane w celu \u015bwiadczenia us\u0142ug przez Bibliotek\u0119 na podstawie Ustawy z dnia 27 czerwca 1997 r. o bibliotekach (Dz.U. 1997 nr 85 poz. 539) oraz Ustawie Parlamentu Europejskiego i Rady (UE) 2016\/679 z dnia 27 kwietnia 2016 r. w sprawie ochrony os\u00f3b fizycznych w zwi\u0105zku z przetwarzaniem danych osobowych i w sprawie swobodnego przep\u0142ywu takich danych oraz uchylenia dyrektywy 95\/46\/WE (og\u00f3lne rozporz\u0105dzenie o ochronie danych).<\/p>\n\n\n\n<p>5. Pani\/Pana dane osobowe mog\u0105 by\u0107 udost\u0119pnione firmie windykacyjnej w celu egzekwowania zad\u0142u\u017ce\u0144 czytelniczych, tylko je\u017celi ma to zastosowanie oraz zewn\u0119trznej firmie IT, producentowi oprogramowania na podstawie umowy powierzenia.<\/p>\n\n\n\n<p>6. Dane b\u0119d\u0105 przechowywane przez okres trzech lat od ostatniego skorzystania z us\u0142ug Biblioteki (\u00a7&nbsp;20 Regulaminu Udost\u0119pniania Zbior\u00f3w i \u015awiadczenia Us\u0142ug w Pedagogicznej Bibliotece Wojew\u00f3dzkiej im. Komisji Edukacji Narodowej w Warszawie) lub przez okres niezb\u0119dny do realizacji prawnie uzasadnionego naszego celu.<\/p>\n\n\n\n<p>7. Ma Pani\/Pan prawo dost\u0119pu do tre\u015bci swoich danych osobowych, ich sprostowania (poprawiania, uzupe\u0142niania), usuni\u0119cia (\u00a7 6 ust. 3 Regulaminu Udost\u0119pniania Zbior\u00f3w i \u015awiadczenia Us\u0142ug w&nbsp;Pedagogicznej Bibliotece Wojew\u00f3dzkiej im. Komisji Edukacji Narodowej w Warszawie) lub ograniczenia przetwarzania.<\/p>\n\n\n\n<p>8. Ma Pani\/Pan prawo do przenoszenia danych i uzyskania kopii swoich danych.<\/p>\n\n\n\n<p>9. Ma Pani\/Pan prawo wniesienia w dowolnym momencie sprzeciwu wobec dalszego przetwarzania danych osobowych przez Bibliotek\u0119, zwi\u0105zanego z egzekwowaniem zad\u0142u\u017cenia wobec Biblioteki. Przyczyn\u0105 tego sprzeciwu musi by\u0107 Pani\/Pana szczeg\u00f3lna sytuacja.<\/p>\n\n\n\n<p>10. Ma Pani\/Pan r\u00f3wnie\u017c prawo wniesienia skargi do Prezesa Urz\u0119du Ochrony Danych Osobowych (PUODO) w przypadku uznania, \u017ce przetwarzanie Pani\/Pana danych osobowych narusza przepisy RODO, lub Ustaw\u0119 o Prawach Autorskich i Pokrewnych.<\/p>\n\n\n\n<p>11. Podanie przez Pani\u0105\/Pana danych osobowych jest dobrowolne, lecz niezb\u0119dne do korzystania z&nbsp;us\u0142ug Biblioteki.<\/p>\n","protected":false},"excerpt":{"rendered":"<p>1. Administratorem Pani\/Pana danych osobowych, pozyskiwanych na potrzeby \u015bwiadczenia us\u0142ug przez Bibliotek\u0119, jest Pedagogiczna Biblioteka Wojew\u00f3dzka im. Komisji Edukacji Narodowej [&hellip;]<\/p>\n","protected":false},"author":89,"featured_media":0,"parent":0,"menu_order":0,"comment_status":"closed","ping_status":"closed","template":"","meta":{"_acf_changed":false,"_oasis_is_in_workflow":0,"_oasis_original":0,"inline_featured_image":false,"site-sidebar-layout":"default","site-content-layout":"","ast-site-content-layout":"default","site-content-style":"default","site-sidebar-style":"default","ast-global-header-display":"","ast-banner-title-visibility":"","ast-main-header-display":"","ast-hfb-above-header-display":"","ast-hfb-below-header-display":"","ast-hfb-mobile-header-display":"","site-post-title":"","ast-breadcrumbs-content":"","ast-featured-img":"","footer-sml-layout":"","ast-disable-related-posts":"","theme-transparent-header-meta":"","adv-header-id-meta":"","stick-header-meta":"","header-above-stick-meta":"","header-main-stick-meta":"","header-below-stick-meta":"","astra-migrate-meta-layouts":"default","ast-page-background-enabled":"default","ast-page-background-meta":{"desktop":{"background-color":"","background-image":"","background-repeat":"repeat","background-position":"center center","background-size":"auto","background-attachment":"scroll","background-type":"","background-media":"","overlay-type":"","overlay-color":"","overlay-opacity":"","overlay-gradient":""},"tablet":{"background-color":"","background-image":"","background-repeat":"repeat","background-position":"center center","background-size":"auto","background-attachment":"scroll","background-type":"","background-media":"","overlay-type":"","overlay-color":"","overlay-opacity":"","overlay-gradient":""},"mobile":{"background-color":"","background-image":"","background-repeat":"repeat","background-position":"center center","background-size":"auto","background-attachment":"scroll","background-type":"","background-media":"","overlay-type":"","overlay-color":"","overlay-opacity":"","overlay-gradient":""}},"ast-content-background-meta":{"desktop":{"background-color":"var(--ast-global-color-5)","background-image":"","background-repeat":"repeat","background-position":"center center","background-size":"auto","background-attachment":"scroll","background-type":"","background-media":"","overlay-type":"","overlay-color":"","overlay-opacity":"","overlay-gradient":""},"tablet":{"background-color":"var(--ast-global-color-5)","background-image":"","background-repeat":"repeat","background-position":"center center","background-size":"auto","background-attachment":"scroll","background-type":"","background-media":"","overlay-type":"","overlay-color":"","overlay-opacity":"","overlay-gradient":""},"mobile":{"background-color":"var(--ast-global-color-5)","background-image":"","background-repeat":"repeat","background-position":"center center","background-size":"auto","background-attachment":"scroll","background-type":"","background-media":"","overlay-type":"","overlay-color":"","overlay-opacity":"","overlay-gradient":""}},"_themeisle_gutenberg_block_has_review":false,"footnotes":""},"class_list":["post-26477","page","type-page","status-publish","hentry"],"acf":[],"featured_image_urls_v2":{"full":"","thumbnail":"","medium":"","medium_large":"","large":"","1536x1536":"","2048x2048":"","menu-24x24":"","menu-36x36":"","menu-48x48":""},"post_excerpt_stackable_v2":"<p>1. Administratorem Pani\/Pana danych osobowych, pozyskiwanych na potrzeby \u015bwiadczenia us\u0142ug przez Bibliotek\u0119, jest Pedagogiczna Biblioteka Wojew\u00f3dzka im. Komisji Edukacji Narodowej w&nbsp;Warszawie z siedzib\u0105 w Warszawie, ul. Goc\u0142awska 4, 03-810 Warszawa. 2. Z Bibliotek\u0105 mo\u017cna si\u0119 skontaktowa\u0107: telefonicznie pod numerem: 22 810 46 64,pod adresem e-mail:\u00a0sekretariat@pbw.waw.pl,pisemnie, przesy\u0142aj\u0105c korespondencj\u0119 na wy\u017cej wskazany adres,w siedzibie Biblioteki. 3. We wszystkich sprawach zwi\u0105zanych z przetwarzaniem Pani\/Pana danych osobowych nale\u017cy kontaktowa\u0107 si\u0119 z Inspektorem Ochrony Danych Osobowych, e-mail:&nbsp;iod@ckziu.waw.pl&nbsp;lub pisemnie na adres wskazany powy\u017cej. 4. Pani\/Pana dane osobowe b\u0119d\u0105 przetwarzane w celu \u015bwiadczenia us\u0142ug przez Bibliotek\u0119 na podstawie Ustawy z dnia 27 czerwca 1997 r. o bibliotekach&hellip;<\/p>\n","category_list_v2":"","author_info_v2":{"name":"dstolarek","url":"https:\/\/bpmakowmaz.pl\/uk\/author\/dstolarek\/"},"comments_num_v2":"0 \u043a\u043e\u043c\u0435\u043d\u0442\u0430\u0440\u0456\u0432","_links":{"self":[{"href":"https:\/\/bpmakowmaz.pl\/uk\/wp-json\/wp\/v2\/pages\/26477","targetHints":{"allow":["GET"]}}],"collection":[{"href":"https:\/\/bpmakowmaz.pl\/uk\/wp-json\/wp\/v2\/pages"}],"about":[{"href":"https:\/\/bpmakowmaz.pl\/uk\/wp-json\/wp\/v2\/types\/page"}],"author":[{"embeddable":true,"href":"https:\/\/bpmakowmaz.pl\/uk\/wp-json\/wp\/v2\/users\/89"}],"replies":[{"embeddable":true,"href":"https:\/\/bpmakowmaz.pl\/uk\/wp-json\/wp\/v2\/comments?post=26477"}],"version-history":[{"count":2,"href":"https:\/\/bpmakowmaz.pl\/uk\/wp-json\/wp\/v2\/pages\/26477\/revisions"}],"predecessor-version":[{"id":26690,"href":"https:\/\/bpmakowmaz.pl\/uk\/wp-json\/wp\/v2\/pages\/26477\/revisions\/26690"}],"wp:attachment":[{"href":"https:\/\/bpmakowmaz.pl\/uk\/wp-json\/wp\/v2\/media?parent=26477"}],"curies":[{"name":"wp","href":"https:\/\/api.w.org\/{rel}","templated":true}]}}