{"id":26468,"date":"2022-02-22T13:31:10","date_gmt":"2022-02-22T12:31:10","guid":{"rendered":"https:\/\/bpmakowmaz.pl\/ochrona-danych-osobowych\/"},"modified":"2022-11-07T13:17:37","modified_gmt":"2022-11-07T12:17:37","slug":"ochrona-danych-osobowych","status":"publish","type":"page","link":"https:\/\/bpmakowmaz.pl\/uk\/ochrona-danych-osobowych\/","title":{"rendered":"\u0417\u0430\u0445\u0438\u0441\u0442 \u043f\u0435\u0440\u0441\u043e\u043d\u0430\u043b\u044c\u043d\u0438\u0445 \u0434\u0430\u043d\u0438\u0445"},"content":{"rendered":"\n<p>Informacja o pozyskiwanych i przetwarzanych danach osobowych w Bibliotece Pedagogicznej w Ostro\u0142\u0119ce.<\/p>\n\n\n\n<p>Zgodnie z art. 24 ust. 1 ustawy z dnia 29 sierpnia 1997 r. o ochronie danych osobowych \u2013 tekst jednolity (Dz. U. z 2016 r. poz. 922) informujemy, i\u017c administratorem Pani\/Pana danych osobowych jest Dyrektor Biblioteki Pedagogicznej w Ostro\u0142\u0119ce, adres ul. Pi\u0142sudskiego 38, 07-410 Ostro\u0142\u0119ka.<\/p>\n\n\n\n<p>Poni\u017cej publikujemy list\u0119 z nazwami zbior\u00f3w danych, zakres danych osobowych i uprawnienia os\u00f3b, kt\u00f3rych dane s\u0105 przetwarzane<\/p>\n\n\n\n<p><strong>U\u017cytkownicy biblioteki pedagogicznej<\/strong><\/p>\n\n\n\n<ol class=\"wp-block-list\"><li>Pani\/Pana dane osobowe: imi\u0119 i nazwisko, PESEL, data urodzenia, imi\u0119 ojca, zak\u0142ad pracy\/uczelnia, adres zameldowania, poczta elektroniczna, nr telefonu, przetwarzane b\u0119d\u0105 w celu umo\u017cliwienia korzystania z zasob\u00f3w bibliotecznych oraz do cel\u00f3w windykacji,<\/li><li>posiada Pani\/Pan prawo dost\u0119pu do tre\u015bci swoich danych oraz ich poprawiania,<\/li><li>podanie danych osobowych jest obowi\u0105zkowe.<\/li><\/ol>\n\n\n\n<p><strong>Uczestnicy form doskonalenia<\/strong><\/p>\n\n\n\n<ol class=\"wp-block-list\"><li>Pani\/Pana dane osobowe: imi\u0119 i nazwisko, miejsce pracy, numer telefonu, e-mail, przetwarzane b\u0119d\u0105 w celu dokumentowania uczestnictwa w danej formie doskonalenia i wydania za\u015bwiadczenia lub potwierdzenia,<\/li><li>posiada Pani\/Pan prawo dost\u0119pu do tre\u015bci swoich danych oraz ich poprawiania,<\/li><li>podanie danych osobowych jest obowi\u0105zkowe<\/li><\/ol>\n\n\n\n<p><strong>Umowy cywilno-prawne z osobami nieb\u0119d\u0105cymi pracownikami Biblioteki<\/strong><\/p>\n\n\n\n<ol class=\"wp-block-list\"><li>Pani\/Pana dane osobowe: imi\u0119 i nazwisko, imiona rodzic\u00f3w, data i miejsce urodzenia, numer ewidencyjny PESEL, numer dowodu osobistego, adres zamieszkania lub pobytu, wynagrodzenie, numer konta bankowego, przetwarzane b\u0119d\u0105 w celu zawarcia i realizacji umowy,<\/li><li>posiada Pani\/Pan prawo dost\u0119pu do tre\u015bci swoich danych oraz ich poprawiania,<\/li><li>podanie danych osobowych jest obowi\u0105zkowe<\/li><\/ol>\n\n\n\n<p><strong>Uczestnicy przetarg\u00f3w, zapyta\u0144 ofertowych<\/strong><\/p>\n\n\n\n<ol class=\"wp-block-list\"><li>Pani\/Pana dane osobowe: imi\u0119 i nazwisko, numer ewidencyjny PESEL, adres zamieszkania, numer telefonu, poczta elektroniczna, przetwarzane b\u0119d\u0105 w celu realizacji procedury przetargowej,<\/li><li>posiada Pani\/Pan prawo dost\u0119pu do tre\u015bci swoich danych oraz ich poprawiania,<\/li><li>podanie danych osobowych jest obowi\u0105zkowe<\/li><\/ol>\n\n\n\n<p><strong>Kandydaci do pracy w Bibliotece<\/strong><\/p>\n\n\n\n<ol class=\"wp-block-list\"><li>Pani\/Pana dane osobowe: imi\u0119 i nazwisko, imiona rodzic\u00f3w, data urodzenia miejsce zamieszkania, adres do korespondencji, wykszta\u0142cenie, przebieg dotychczasowego zatrudnienia, przetwarzane b\u0119d\u0105 w celu rekrutacji na wolne stanowiska pracy,<\/li><li>posiada Pani\/Pan prawo dost\u0119pu do tre\u015bci swoich danych oraz ich poprawiania,<\/li><li>podanie danych osobowych jest obowi\u0105zkowe<\/li><\/ol>\n\n\n\n<p><strong>Dane os\u00f3b wyra\u017caj\u0105cych zgod\u0119 na publikacj\u0119\/wykorzystanie wizerunku<\/strong><\/p>\n\n\n\n<ol class=\"wp-block-list\"><li>Pani\/Pana dane osobowe: imi\u0119 i nazwisko, miejsce zamieszkania, numer ewidencyjny PESEL b\u0119d\u0105 niezb\u0119dne do wyra\u017cenia zgody na publikacj\u0119\/wykorzystanie wizerunku na stronach WWW Biblioteki,<\/li><li>posiada Pani\/Pan prawo dost\u0119pu do tre\u015bci swoich danych oraz ich poprawiania,<\/li><li>podanie danych osobowych jest obowi\u0105zkowe.<\/li><\/ol>\n\n\n\n<p><strong>Uczestnicy konkurs\u00f3w edukacyjnych<\/strong><\/p>\n\n\n\n<ol class=\"wp-block-list\"><li>Pani\/Pana dane osobowe: imi\u0119 i nazwisko, miejsce nauki\/pracy, typ szko\u0142y i etap edukacyjny przetwarzane b\u0119d\u0105 w celu realizacji konkursu edukacyjnego,<\/li><li>posiada Pani\/Pan prawo dost\u0119pu do tre\u015bci swoich danych oraz ich poprawiania,<\/li><li>podanie danych osobowych jest obowi\u0105zkowe.<\/li><\/ol>\n\n\n\n<p><strong>U\u017cytkownicy Newslettera<\/strong><\/p>\n\n\n\n<ol class=\"wp-block-list\"><li>Pani\/Pana dane osobowe: imi\u0119 i nazwisko, adres e-mail przetwarzane b\u0119d\u0105 w celu otrzymywania newslettera,<\/li><li>posiada Pani\/Pan prawo dost\u0119pu do tre\u015bci swoich danych oraz ich poprawiania,<\/li><li>podanie danych osobowych jest obowi\u0105zkowe,<\/li><li>posiada Pani\/Pan prawo do rezygnacji z us\u0142ugi subskrypcji w ka\u017cdym momencie.<\/li><\/ol>\n","protected":false},"excerpt":{"rendered":"<p>Informacja o pozyskiwanych i przetwarzanych danach osobowych w Bibliotece Pedagogicznej w Ostro\u0142\u0119ce. Zgodnie z art. 24 ust. 1 ustawy z [&hellip;]<\/p>\n","protected":false},"author":205,"featured_media":0,"parent":0,"menu_order":0,"comment_status":"closed","ping_status":"closed","template":"","meta":{"_acf_changed":false,"_oasis_is_in_workflow":0,"_oasis_original":0,"inline_featured_image":false,"site-sidebar-layout":"default","site-content-layout":"","ast-site-content-layout":"default","site-content-style":"default","site-sidebar-style":"default","ast-global-header-display":"","ast-banner-title-visibility":"","ast-main-header-display":"","ast-hfb-above-header-display":"","ast-hfb-below-header-display":"","ast-hfb-mobile-header-display":"","site-post-title":"","ast-breadcrumbs-content":"","ast-featured-img":"","footer-sml-layout":"","ast-disable-related-posts":"","theme-transparent-header-meta":"","adv-header-id-meta":"","stick-header-meta":"","header-above-stick-meta":"","header-main-stick-meta":"","header-below-stick-meta":"","astra-migrate-meta-layouts":"default","ast-page-background-enabled":"default","ast-page-background-meta":{"desktop":{"background-color":"","background-image":"","background-repeat":"repeat","background-position":"center center","background-size":"auto","background-attachment":"scroll","background-type":"","background-media":"","overlay-type":"","overlay-color":"","overlay-opacity":"","overlay-gradient":""},"tablet":{"background-color":"","background-image":"","background-repeat":"repeat","background-position":"center center","background-size":"auto","background-attachment":"scroll","background-type":"","background-media":"","overlay-type":"","overlay-color":"","overlay-opacity":"","overlay-gradient":""},"mobile":{"background-color":"","background-image":"","background-repeat":"repeat","background-position":"center center","background-size":"auto","background-attachment":"scroll","background-type":"","background-media":"","overlay-type":"","overlay-color":"","overlay-opacity":"","overlay-gradient":""}},"ast-content-background-meta":{"desktop":{"background-color":"var(--ast-global-color-5)","background-image":"","background-repeat":"repeat","background-position":"center center","background-size":"auto","background-attachment":"scroll","background-type":"","background-media":"","overlay-type":"","overlay-color":"","overlay-opacity":"","overlay-gradient":""},"tablet":{"background-color":"var(--ast-global-color-5)","background-image":"","background-repeat":"repeat","background-position":"center center","background-size":"auto","background-attachment":"scroll","background-type":"","background-media":"","overlay-type":"","overlay-color":"","overlay-opacity":"","overlay-gradient":""},"mobile":{"background-color":"var(--ast-global-color-5)","background-image":"","background-repeat":"repeat","background-position":"center center","background-size":"auto","background-attachment":"scroll","background-type":"","background-media":"","overlay-type":"","overlay-color":"","overlay-opacity":"","overlay-gradient":""}},"_themeisle_gutenberg_block_has_review":false,"footnotes":""},"class_list":["post-26468","page","type-page","status-publish","hentry"],"acf":[],"featured_image_urls_v2":{"full":"","thumbnail":"","medium":"","medium_large":"","large":"","1536x1536":"","2048x2048":"","menu-24x24":"","menu-36x36":"","menu-48x48":""},"post_excerpt_stackable_v2":"<p>Informacja o pozyskiwanych i przetwarzanych danach osobowych w Bibliotece Pedagogicznej w Ostro\u0142\u0119ce. Zgodnie z art. 24 ust. 1 ustawy z dnia 29 sierpnia 1997 r. o ochronie danych osobowych \u2013 tekst jednolity (Dz. U. z 2016 r. poz. 922) informujemy, i\u017c administratorem Pani\/Pana danych osobowych jest Dyrektor Biblioteki Pedagogicznej w Ostro\u0142\u0119ce, adres ul. Pi\u0142sudskiego 38, 07-410 Ostro\u0142\u0119ka. Poni\u017cej publikujemy list\u0119 z nazwami zbior\u00f3w danych, zakres danych osobowych i uprawnienia os\u00f3b, kt\u00f3rych dane s\u0105 przetwarzane U\u017cytkownicy biblioteki pedagogicznej Pani\/Pana dane osobowe: imi\u0119 i nazwisko, PESEL, data urodzenia, imi\u0119 ojca, zak\u0142ad pracy\/uczelnia, adres zameldowania, poczta elektroniczna, nr telefonu, przetwarzane b\u0119d\u0105 w celu&hellip;<\/p>\n","category_list_v2":"","author_info_v2":{"name":"c2FicmFtZWs=","url":"https:\/\/bpmakowmaz.pl\/uk\/author\/c2ficmftzws-2\/"},"comments_num_v2":"0 \u043a\u043e\u043c\u0435\u043d\u0442\u0430\u0440\u0456\u0432","_links":{"self":[{"href":"https:\/\/bpmakowmaz.pl\/uk\/wp-json\/wp\/v2\/pages\/26468","targetHints":{"allow":["GET"]}}],"collection":[{"href":"https:\/\/bpmakowmaz.pl\/uk\/wp-json\/wp\/v2\/pages"}],"about":[{"href":"https:\/\/bpmakowmaz.pl\/uk\/wp-json\/wp\/v2\/types\/page"}],"author":[{"embeddable":true,"href":"https:\/\/bpmakowmaz.pl\/uk\/wp-json\/wp\/v2\/users\/205"}],"replies":[{"embeddable":true,"href":"https:\/\/bpmakowmaz.pl\/uk\/wp-json\/wp\/v2\/comments?post=26468"}],"version-history":[{"count":2,"href":"https:\/\/bpmakowmaz.pl\/uk\/wp-json\/wp\/v2\/pages\/26468\/revisions"}],"predecessor-version":[{"id":26795,"href":"https:\/\/bpmakowmaz.pl\/uk\/wp-json\/wp\/v2\/pages\/26468\/revisions\/26795"}],"wp:attachment":[{"href":"https:\/\/bpmakowmaz.pl\/uk\/wp-json\/wp\/v2\/media?parent=26468"}],"curies":[{"name":"wp","href":"https:\/\/api.w.org\/{rel}","templated":true}]}}