{"id":26411,"date":"2021-12-09T09:24:07","date_gmt":"2021-12-09T08:24:07","guid":{"rendered":"https:\/\/bpmakowmaz.pl\/pedagogika-szkolnictwo-oswiata-wychowanie\/"},"modified":"2022-11-07T13:17:49","modified_gmt":"2022-11-07T12:17:49","slug":"pedagogika-szkolnictwo-oswiata-wychowanie","status":"publish","type":"page","link":"https:\/\/bpmakowmaz.pl\/uk\/pedagogika-szkolnictwo-oswiata-wychowanie\/","title":{"rendered":"\u041e\u0441\u0432\u0456\u0442\u0430. \u041e\u0441\u0432\u0456\u0442\u0430. \u041e\u0441\u0432\u0456\u0442\u0430. \u041e\u0441\u0432\u0456\u0442\u0430."},"content":{"rendered":"\n<p><a href=\"https:\/\/bpmakowmaz.pl\/zestawienie-bibliograficzne-nt-basnie-i-legendy-z-calego-swiata-2\/\">Ba\u015bnie i legendy z ca\u0142ego \u015bwiata<\/a>:\u00a0zestawienie bibliograficzne. Mak\u00f3w Mazowiecki: BP, 2021<\/p>\n\n\n\n<p><a href=\"https:\/\/bpmakowmaz.pl\/depresja-dzieci-i-mlodziezy-2\/\">Depresja dzieci i m\u0142odzie\u017cy:<\/a>\u00a0zestawienie bibliograficzne za lata 2015-2019. Mak\u00f3w Mazowiecki: BP, 2020<\/p>\n\n\n\n<p><a href=\"https:\/\/bpmakowmaz.pl\/leki-dzieci-i-mlodziezy-2\/\">L\u0119ki dzieci i m\u0142odzie\u017cy<\/a>: Zestawienie bibliograficzne ksi\u0105\u017cek i artyku\u0142\u00f3w z czasopism. Mak\u00f3w Mazowiecki: BP, 2020<\/p>\n\n\n\n<p><a href=\"https:\/\/bpmakowmaz.pl\/wsparcie-ucznia-w-czasie-pandemii-wybrana-literatura-2\/\">Wsparcie ucznia w czasie pandemii <\/a>\u2013 wybrana literatura:\u00a0Mak\u00f3w Mazowiecki: BP, 2021<\/p>\n","protected":false},"excerpt":{"rendered":"<p>Ba\u015bnie i legendy z ca\u0142ego \u015bwiata:\u00a0zestawienie bibliograficzne. Mak\u00f3w Mazowiecki: BP, 2021 Depresja dzieci i m\u0142odzie\u017cy:\u00a0zestawienie bibliograficzne za lata 2015-2019. Mak\u00f3w [&hellip;]<\/p>\n","protected":false},"author":10,"featured_media":0,"parent":0,"menu_order":0,"comment_status":"closed","ping_status":"closed","template":"","meta":{"_acf_changed":false,"_oasis_is_in_workflow":0,"_oasis_original":0,"inline_featured_image":false,"site-sidebar-layout":"default","site-content-layout":"","ast-site-content-layout":"default","site-content-style":"default","site-sidebar-style":"default","ast-global-header-display":"","ast-banner-title-visibility":"","ast-main-header-display":"","ast-hfb-above-header-display":"","ast-hfb-below-header-display":"","ast-hfb-mobile-header-display":"","site-post-title":"","ast-breadcrumbs-content":"","ast-featured-img":"","footer-sml-layout":"","ast-disable-related-posts":"","theme-transparent-header-meta":"","adv-header-id-meta":"","stick-header-meta":"","header-above-stick-meta":"","header-main-stick-meta":"","header-below-stick-meta":"","astra-migrate-meta-layouts":"default","ast-page-background-enabled":"default","ast-page-background-meta":{"desktop":{"background-color":"","background-image":"","background-repeat":"repeat","background-position":"center center","background-size":"auto","background-attachment":"scroll","background-type":"","background-media":"","overlay-type":"","overlay-color":"","overlay-opacity":"","overlay-gradient":""},"tablet":{"background-color":"","background-image":"","background-repeat":"repeat","background-position":"center center","background-size":"auto","background-attachment":"scroll","background-type":"","background-media":"","overlay-type":"","overlay-color":"","overlay-opacity":"","overlay-gradient":""},"mobile":{"background-color":"","background-image":"","background-repeat":"repeat","background-position":"center center","background-size":"auto","background-attachment":"scroll","background-type":"","background-media":"","overlay-type":"","overlay-color":"","overlay-opacity":"","overlay-gradient":""}},"ast-content-background-meta":{"desktop":{"background-color":"var(--ast-global-color-5)","background-image":"","background-repeat":"repeat","background-position":"center center","background-size":"auto","background-attachment":"scroll","background-type":"","background-media":"","overlay-type":"","overlay-color":"","overlay-opacity":"","overlay-gradient":""},"tablet":{"background-color":"var(--ast-global-color-5)","background-image":"","background-repeat":"repeat","background-position":"center center","background-size":"auto","background-attachment":"scroll","background-type":"","background-media":"","overlay-type":"","overlay-color":"","overlay-opacity":"","overlay-gradient":""},"mobile":{"background-color":"var(--ast-global-color-5)","background-image":"","background-repeat":"repeat","background-position":"center center","background-size":"auto","background-attachment":"scroll","background-type":"","background-media":"","overlay-type":"","overlay-color":"","overlay-opacity":"","overlay-gradient":""}},"_themeisle_gutenberg_block_has_review":false,"footnotes":""},"class_list":["post-26411","page","type-page","status-publish","hentry"],"acf":[],"featured_image_urls_v2":{"full":"","thumbnail":"","medium":"","medium_large":"","large":"","1536x1536":"","2048x2048":"","menu-24x24":"","menu-36x36":"","menu-48x48":""},"post_excerpt_stackable_v2":"<p>Ba\u015bnie i legendy z ca\u0142ego \u015bwiata:\u00a0zestawienie bibliograficzne. Mak\u00f3w Mazowiecki: BP, 2021 Depresja dzieci i m\u0142odzie\u017cy:\u00a0zestawienie bibliograficzne za lata 2015-2019. Mak\u00f3w Mazowiecki: BP, 2020 L\u0119ki dzieci i m\u0142odzie\u017cy: Zestawienie bibliograficzne ksi\u0105\u017cek i artyku\u0142\u00f3w z czasopism. Mak\u00f3w Mazowiecki: BP, 2020 Wsparcie ucznia w czasie pandemii \u2013 wybrana literatura:\u00a0Mak\u00f3w Mazowiecki: BP, 2021<\/p>\n","category_list_v2":"","author_info_v2":{"name":"bWdyemVnb3Jjenlr","url":"https:\/\/bpmakowmaz.pl\/uk\/author\/bwdyemvnb3jjenlr\/"},"comments_num_v2":"0 \u043a\u043e\u043c\u0435\u043d\u0442\u0430\u0440\u0456\u0432","_links":{"self":[{"href":"https:\/\/bpmakowmaz.pl\/uk\/wp-json\/wp\/v2\/pages\/26411","targetHints":{"allow":["GET"]}}],"collection":[{"href":"https:\/\/bpmakowmaz.pl\/uk\/wp-json\/wp\/v2\/pages"}],"about":[{"href":"https:\/\/bpmakowmaz.pl\/uk\/wp-json\/wp\/v2\/types\/page"}],"author":[{"embeddable":true,"href":"https:\/\/bpmakowmaz.pl\/uk\/wp-json\/wp\/v2\/users\/10"}],"replies":[{"embeddable":true,"href":"https:\/\/bpmakowmaz.pl\/uk\/wp-json\/wp\/v2\/comments?post=26411"}],"version-history":[{"count":2,"href":"https:\/\/bpmakowmaz.pl\/uk\/wp-json\/wp\/v2\/pages\/26411\/revisions"}],"predecessor-version":[{"id":26801,"href":"https:\/\/bpmakowmaz.pl\/uk\/wp-json\/wp\/v2\/pages\/26411\/revisions\/26801"}],"wp:attachment":[{"href":"https:\/\/bpmakowmaz.pl\/uk\/wp-json\/wp\/v2\/media?parent=26411"}],"curies":[{"name":"wp","href":"https:\/\/api.w.org\/{rel}","templated":true}]}}