{"id":25533,"date":"2022-06-27T14:00:14","date_gmt":"2022-06-27T12:00:14","guid":{"rendered":"https:\/\/bpmakowmaz.pl\/mapa-strony\/"},"modified":"2024-05-13T12:59:24","modified_gmt":"2024-05-13T10:59:24","slug":"mapa-strony","status":"publish","type":"page","link":"https:\/\/bpmakowmaz.pl\/ru\/mapa-strony\/","title":{"rendered":"\u041a\u0430\u0440\u0442\u0430 \u0441\u0430\u0439\u0442\u0430"},"content":{"rendered":"<ul class=\"wp-block-page-list\"><li class=\"wp-block-pages-list__item\"><a class=\"wp-block-pages-list__item__link\" href=\"https:\/\/bpmakowmaz.pl\/ru\/biblioteka-szkolna\/\">Biblioteka szkolna<\/a><\/li><li class=\"wp-block-pages-list__item\"><a class=\"wp-block-pages-list__item__link\" href=\"https:\/\/bpmakowmaz.pl\/ru\/bibliotekarstwo-czytelnictwo\/\">Bibliotekarstwo. Czytelnictwo.<\/a><\/li><li class=\"wp-block-pages-list__item\"><a class=\"wp-block-pages-list__item__link\" href=\"https:\/\/bpmakowmaz.pl\/ru\/biblioterapia\/\">Biblioterapia<\/a><\/li><li class=\"wp-block-pages-list__item\"><a class=\"wp-block-pages-list__item__link\" href=\"https:\/\/bpmakowmaz.pl\/ru\/czasopisma\/\">Czasopisma<\/a><\/li><li class=\"wp-block-pages-list__item\"><a class=\"wp-block-pages-list__item__link\" href=\"https:\/\/bpmakowmaz.pl\/ru\/dzialy\/\">Dzia\u0142y<\/a><\/li><li class=\"wp-block-pages-list__item\"><a class=\"wp-block-pages-list__item__link\" href=\"https:\/\/bpmakowmaz.pl\/ru\/filie-biblioteki-pedagogicznej-w-ostrolece\/\">Filie Biblioteki Pedagogicznej w Ostro\u0142\u0119ce<\/a><\/li><li class=\"wp-block-pages-list__item\"><a class=\"wp-block-pages-list__item__link\" href=\"https:\/\/bpmakowmaz.pl\/ru\/rodo\/\">GDPR<\/a><\/li><li class=\"wp-block-pages-list__item\"><a class=\"wp-block-pages-list__item__link\" href=\"https:\/\/bpmakowmaz.pl\/ru\/inne\/\">Inne<\/a><\/li><li class=\"wp-block-pages-list__item\"><a class=\"wp-block-pages-list__item__link\" href=\"https:\/\/bpmakowmaz.pl\/ru\/klauzula-informacyjna\/\">Klauzula informacyjna<\/a><\/li><li class=\"wp-block-pages-list__item\"><a class=\"wp-block-pages-list__item__link\" href=\"https:\/\/bpmakowmaz.pl\/ru\/libra\/\">Libra<\/a><\/li><li class=\"wp-block-pages-list__item\"><a class=\"wp-block-pages-list__item__link\" href=\"https:\/\/bpmakowmaz.pl\/ru\/log-in\/\">Log in<\/a><\/li><li class=\"wp-block-pages-list__item\"><a class=\"wp-block-pages-list__item__link\" href=\"https:\/\/bpmakowmaz.pl\/ru\/moje-wiadomosci\/\">Moje wiadomo\u015bci<\/a><\/li><li class=\"wp-block-pages-list__item\"><a class=\"wp-block-pages-list__item__link\" href=\"https:\/\/bpmakowmaz.pl\/ru\/ochrona-danych-osobowych\/\">Ochrona danych osobowych<\/a><\/li><li class=\"wp-block-pages-list__item\"><a class=\"wp-block-pages-list__item__link\" href=\"https:\/\/bpmakowmaz.pl\/ru\/patologia-spoleczna-agresywnosc-uzaleznienia-przemoc\/\">Patologia spo\u0142eczna. Agresywno\u015b\u0107. Uzale\u017cnienia. Przemoc<\/a><\/li><li class=\"wp-block-pages-list__item\"><a class=\"wp-block-pages-list__item__link\" href=\"https:\/\/bpmakowmaz.pl\/ru\/pedagogika-szkolnictwo-oswiata-wychowanie\/\">Pedagogika. Szkolnictwo. O\u015bwiata. Wychowanie.<\/a><\/li><li class=\"wp-block-pages-list__item\"><a class=\"wp-block-pages-list__item__link\" href=\"https:\/\/bpmakowmaz.pl\/ru\/podstawowe-kierunki-realizacji-polityki-oswiatowej-panstwa-w-roku-szkolnym-2021-2022\/\">Podstawowe kierunki realizacji polityki o\u015bwiatowej panstwa w roku szkolnym 2021\/2022<\/a><\/li><li class=\"wp-block-pages-list__item\"><a class=\"wp-block-pages-list__item__link\" href=\"https:\/\/bpmakowmaz.pl\/ru\/potwierdzenie-realizacji\/\">Potwierdzenie realizacji<\/a><\/li><li class=\"wp-block-pages-list__item\"><a class=\"wp-block-pages-list__item__link\" href=\"https:\/\/bpmakowmaz.pl\/ru\/materialy-repertuarowe\/\">Priorytety MEN<\/a><\/li><li class=\"wp-block-pages-list__item\"><a class=\"wp-block-pages-list__item__link\" href=\"https:\/\/bpmakowmaz.pl\/ru\/procedura-covid-19\/\">Procedura COVID 19<\/a><\/li><li class=\"wp-block-pages-list__item\"><a class=\"wp-block-pages-list__item__link\" href=\"https:\/\/bpmakowmaz.pl\/ru\/propozycja-zakupu\/\">Propozycja zakupu<\/a><\/li><li class=\"wp-block-pages-list__item\"><a class=\"wp-block-pages-list__item__link\" href=\"https:\/\/bpmakowmaz.pl\/ru\/przegladanie-zgloszen\/\">Przegl\u0105danie zg\u0142osze\u0144<\/a><\/li><li class=\"wp-block-pages-list__item\"><a class=\"wp-block-pages-list__item__link\" href=\"https:\/\/bpmakowmaz.pl\/ru\/psychologia\/\">Psychologia<\/a><\/li><li class=\"wp-block-pages-list__item\"><a class=\"wp-block-pages-list__item__link\" href=\"https:\/\/bpmakowmaz.pl\/ru\/regulaminy\/\">Regulaminy<\/a><\/li><li class=\"wp-block-pages-list__item\"><a class=\"wp-block-pages-list__item__link\" href=\"https:\/\/bpmakowmaz.pl\/ru\/sprawdz\/\">Sprawd\u017a<\/a><\/li><li class=\"wp-block-pages-list__item\"><a class=\"wp-block-pages-list__item__link\" href=\"https:\/\/bpmakowmaz.pl\/ru\/tematyczne\/\">Tematyczne zestawienia zbior\u00f3w specjalnych<\/a><\/li><li class=\"wp-block-pages-list__item\"><a class=\"wp-block-pages-list__item__link\" href=\"https:\/\/bpmakowmaz.pl\/ru\/uslugi\/\">Us\u0142ugi<\/a><\/li><li class=\"wp-block-pages-list__item\"><a class=\"wp-block-pages-list__item__link\" href=\"https:\/\/bpmakowmaz.pl\/ru\/wspomnienia\/\">Wspomnienia<\/a><\/li><li class=\"wp-block-pages-list__item\"><a class=\"wp-block-pages-list__item__link\" href=\"https:\/\/bpmakowmaz.pl\/ru\/wydarzenia\/\">Wydarzenia<\/a><\/li><li class=\"wp-block-pages-list__item\"><a class=\"wp-block-pages-list__item__link\" href=\"https:\/\/bpmakowmaz.pl\/ru\/zbiory\/\">Zbiory<\/a><\/li><li class=\"wp-block-pages-list__item\"><a class=\"wp-block-pages-list__item__link\" href=\"https:\/\/bpmakowmaz.pl\/ru\/zgloszenie-potwierdzone\/\">Zg\u0142oszenie potwierdzone<\/a><\/li><li class=\"wp-block-pages-list__item\"><a class=\"wp-block-pages-list__item__link\" href=\"https:\/\/bpmakowmaz.pl\/ru\/zgoda-na-otrzymywanie-wiadomosci-zwiazanych-z-wydarzeniami-i-wideokonferencjami\/\">Zgoda na otrzymywanie wiadomo\u015bci zwi\u0105zanych z wydarzeniami i wideokonferencjami<\/a><\/li><li class=\"wp-block-pages-list__item\"><a class=\"wp-block-pages-list__item__link\" href=\"https:\/\/bpmakowmaz.pl\/ru\/deklaracja-dostepnosci\/\">\u0414\u0435\u043a\u043b\u0430\u0440\u0430\u0446\u0438\u044f \u043e \u0434\u043e\u0441\u0442\u0443\u043f\u043d\u043e\u0441\u0442\u0438<\/a><\/li><li class=\"wp-block-pages-list__item menu-item-home\"><a class=\"wp-block-pages-list__item__link\" href=\"https:\/\/bpmakowmaz.pl\/ru\/\">\u0414\u043e\u043c\u043e\u0439<\/a><\/li><li class=\"wp-block-pages-list__item\"><a class=\"wp-block-pages-list__item__link\" href=\"https:\/\/bpmakowmaz.pl\/ru\/mapa-strony\/\">\u041a\u0430\u0440\u0442\u0430 \u0441\u0430\u0439\u0442\u0430<\/a><\/li><li class=\"wp-block-pages-list__item\"><a class=\"wp-block-pages-list__item__link\" href=\"https:\/\/bpmakowmaz.pl\/ru\/kontakt\/\">\u043a\u043e\u043d\u0442\u0430\u043a\u0442<\/a><\/li><li class=\"wp-block-pages-list__item\"><a class=\"wp-block-pages-list__item__link\" href=\"https:\/\/bpmakowmaz.pl\/ru\/aktualnosci\/\">\u041d\u043e\u0432\u043e\u0441\u0442\u0438<\/a><\/li><li class=\"wp-block-pages-list__item\"><a class=\"wp-block-pages-list__item__link\" href=\"https:\/\/bpmakowmaz.pl\/ru\/polityka-prywatnosci\/\">\u043f\u043e\u043b\u0438\u0442\u0438\u043a\u0430 \u043a\u043e\u043d\u0444\u0438\u0434\u0435\u043d\u0446\u0438\u0430\u043b\u044c\u043d\u043e\u0441\u0442\u0438<\/a><\/li><li class=\"wp-block-pages-list__item has-child\"><a class=\"wp-block-pages-list__item__link\" href=\"https:\/\/bpmakowmaz.pl\/ru\/profil-uzytkownika\/\">\u041f\u0440\u043e\u0444\u0438\u043b\u044c \u043f\u043e\u043b\u044c\u0437\u043e\u0432\u0430\u0442\u0435\u043b\u044f<\/a><ul class=\"wp-block-navigation__submenu-container\"><li class=\"wp-block-pages-list__item \"><a class=\"wp-block-pages-list__item__link\" href=\"https:\/\/bpmakowmaz.pl\/ru\/profil-uzytkownika\/konto-uzytkownika\/\">Moje kursy<\/a><\/li><li class=\"wp-block-pages-list__item \"><a class=\"wp-block-pages-list__item__link\" href=\"https:\/\/bpmakowmaz.pl\/ru\/profil-uzytkownika\/moje-wideokonferencje\/\">\u041c\u043e\u0438 \u0432\u0438\u0434\u0435\u043e\u043a\u043e\u043d\u0444\u0435\u0440\u0435\u043d\u0446\u0438\u0438<\/a><\/li><li class=\"wp-block-pages-list__item \"><a class=\"wp-block-pages-list__item__link\" href=\"https:\/\/bpmakowmaz.pl\/ru\/profil-uzytkownika\/moje-wystawy\/\">\u041c\u043e\u0438 \u0432\u044b\u0441\u0442\u0430\u0432\u043a\u0438<\/a><\/li><li class=\"wp-block-pages-list__item \"><a class=\"wp-block-pages-list__item__link\" href=\"https:\/\/bpmakowmaz.pl\/ru\/profil-uzytkownika\/moje-skargi-i-wnioski\/\">\u041c\u043e\u0438 \u0436\u0430\u043b\u043e\u0431\u044b \u0438 \u043f\u0440\u043e\u0441\u044c\u0431\u044b<\/a><\/li><li class=\"wp-block-pages-list__item \"><a class=\"wp-block-pages-list__item__link\" href=\"https:\/\/bpmakowmaz.pl\/ru\/profil-uzytkownika\/moje-zapytania\/\">\u041c\u043e\u0438 \u0437\u0430\u043f\u0440\u043e\u0441\u044b<\/a><\/li><li class=\"wp-block-pages-list__item \"><a class=\"wp-block-pages-list__item__link\" href=\"https:\/\/bpmakowmaz.pl\/ru\/profil-uzytkownika\/%d0%bc%d0%be%d0%b8-%d0%ba%d1%83%d1%80%d1%81%d1%8b\/\">\u041c\u043e\u0438 \u043a\u0443\u0440\u0441\u044b<\/a><\/li><li class=\"wp-block-pages-list__item \"><a class=\"wp-block-pages-list__item__link\" href=\"https:\/\/bpmakowmaz.pl\/ru\/profil-uzytkownika\/%d0%bc%d0%be%d0%b8-%d0%be%d1%88%d0%b8%d0%b1%d0%ba%d0%b8\/\">\u041c\u043e\u0438 \u043e\u0448\u0438\u0431\u043a\u0438<\/a><\/li><li class=\"wp-block-pages-list__item \"><a class=\"wp-block-pages-list__item__link\" href=\"https:\/\/bpmakowmaz.pl\/ru\/profil-uzytkownika\/moje-praktyki\/\">\u041c\u043e\u0438 \u043f\u0440\u0430\u043a\u0442\u0438\u043a\u0438<\/a><\/li><li class=\"wp-block-pages-list__item \"><a class=\"wp-block-pages-list__item__link\" href=\"https:\/\/bpmakowmaz.pl\/ru\/profil-uzytkownika\/moje-propozycje-zakupu\/\">\u041c\u043e\u0438 \u043f\u0440\u0435\u0434\u043b\u043e\u0436\u0435\u043d\u0438\u044f \u043f\u043e \u043f\u043e\u043a\u0443\u043f\u043a\u0435<\/a><\/li><li class=\"wp-block-pages-list__item \"><a class=\"wp-block-pages-list__item__link\" href=\"https:\/\/bpmakowmaz.pl\/ru\/profil-uzytkownika\/moje-skany\/\">\u041c\u043e\u0438 \u0441\u043a\u0430\u043d\u044b<\/a><\/li><li class=\"wp-block-pages-list__item \"><a class=\"wp-block-pages-list__item__link\" href=\"https:\/\/bpmakowmaz.pl\/ru\/profil-uzytkownika\/moje-wydarzenia\/\">\u041c\u043e\u0438 \u0441\u043e\u0431\u044b\u0442\u0438\u044f<\/a><\/li><li class=\"wp-block-pages-list__item \"><a class=\"wp-block-pages-list__item__link\" href=\"https:\/\/bpmakowmaz.pl\/ru\/profil-uzytkownika\/%d0%bc%d0%be%d0%b8-%d1%81%d0%be%d0%b3%d0%bb%d0%b0%d1%81%d0%b8%d1%8f\/\">\u041c\u043e\u0438 \u0441\u043e\u0433\u043b\u0430\u0441\u0438\u044f<\/a><\/li><li class=\"wp-block-pages-list__item \"><a class=\"wp-block-pages-list__item__link\" href=\"https:\/\/bpmakowmaz.pl\/ru\/profil-uzytkownika\/%d0%bc%d0%be%d0%b8-%d1%81%d0%be%d0%be%d0%b1%d1%89%d0%b5%d0%bd%d0%b8%d1%8f\/\">\u041c\u043e\u0438 \u0441\u043e\u043e\u0431\u0449\u0435\u043d\u0438\u044f<\/a><\/li><li class=\"wp-block-pages-list__item \"><a class=\"wp-block-pages-list__item__link\" href=\"https:\/\/bpmakowmaz.pl\/ru\/profil-uzytkownika\/moje-zestawienia\/\">\u041c\u043e\u0438 \u0441\u043f\u0438\u0441\u043a\u0438 \u0431\u0438\u0431\u043b\u0438\u043e\u0442\u0435\u043a<\/a><\/li><li class=\"wp-block-pages-list__item \"><a class=\"wp-block-pages-list__item__link\" href=\"https:\/\/bpmakowmaz.pl\/ru\/profil-uzytkownika\/moje-artykuly\/\">\u041c\u043e\u0438 \u0441\u0442\u0430\u0442\u044c\u0438<\/a><\/li><li class=\"wp-block-pages-list__item \"><a class=\"wp-block-pages-list__item__link\" href=\"https:\/\/bpmakowmaz.pl\/ru\/profil-uzytkownika\/moje-lekcje-biblioteczne\/\">\u041c\u043e\u0438 \u0443\u0440\u043e\u043a\u0438 \u0432 \u0431\u0438\u0431\u043b\u0438\u043e\u0442\u0435\u043a\u0435<\/a><\/li><li class=\"wp-block-pages-list__item has-child \"><a class=\"wp-block-pages-list__item__link\" href=\"https:\/\/bpmakowmaz.pl\/ru\/profil-uzytkownika\/moj-profil\/\">\u041c\u043e\u0439 \u043f\u0440\u043e\u0444\u0430\u0439\u043b<\/a><ul class=\"wp-block-navigation__submenu-container\"><li class=\"wp-block-pages-list__item \"><a class=\"wp-block-pages-list__item__link\" href=\"https:\/\/bpmakowmaz.pl\/ru\/profil-uzytkownika\/moj-profil\/edytuj-profil\/\">\u0420\u0435\u0434\u0430\u043a\u0442\u0438\u0440\u043e\u0432\u0430\u0442\u044c \u043f\u0440\u043e\u0444\u0438\u043b\u044c<\/a><\/li><\/ul><\/li><\/ul><\/li><li class=\"wp-block-pages-list__item\"><a class=\"wp-block-pages-list__item__link\" href=\"https:\/\/bpmakowmaz.pl\/ru\/register\/\">\u0440\u0435\u0433\u0438\u0441\u0442\u0440<\/a><\/li><li class=\"wp-block-pages-list__item\"><a class=\"wp-block-pages-list__item__link\" href=\"https:\/\/bpmakowmaz.pl\/ru\/%d1%80%d0%b5%d0%b3%d0%bb%d0%b0%d0%bc%d0%b5%d0%bd%d1%82-%d1%80%d0%be%d0%b7%d1%81%d0%b8%d0%bb%d0%ba%d0%b8\/\">\u0420\u0435\u0433\u043b\u0430\u043c\u0435\u043d\u0442 \u0440\u043e\u0437\u0441\u0438\u043b\u043a\u0438<\/a><\/li><\/ul>","protected":false},"excerpt":{"rendered":"","protected":false},"author":207,"featured_media":0,"parent":0,"menu_order":0,"comment_status":"closed","ping_status":"closed","template":"","meta":{"_acf_changed":false,"_oasis_is_in_workflow":0,"_oasis_original":0,"inline_featured_image":false,"site-sidebar-layout":"default","site-content-layout":"","ast-site-content-layout":"default","site-content-style":"default","site-sidebar-style":"default","ast-global-header-display":"","ast-banner-title-visibility":"","ast-main-header-display":"","ast-hfb-above-header-display":"","ast-hfb-below-header-display":"","ast-hfb-mobile-header-display":"","site-post-title":"","ast-breadcrumbs-content":"","ast-featured-img":"","footer-sml-layout":"","ast-disable-related-posts":"","theme-transparent-header-meta":"","adv-header-id-meta":"","stick-header-meta":"","header-above-stick-meta":"","header-main-stick-meta":"","header-below-stick-meta":"","astra-migrate-meta-layouts":"set","ast-page-background-enabled":"default","ast-page-background-meta":{"desktop":{"background-color":"","background-image":"","background-repeat":"repeat","background-position":"center center","background-size":"auto","background-attachment":"scroll","background-type":"","background-media":"","overlay-type":"","overlay-color":"","overlay-opacity":"","overlay-gradient":""},"tablet":{"background-color":"","background-image":"","background-repeat":"repeat","background-position":"center center","background-size":"auto","background-attachment":"scroll","background-type":"","background-media":"","overlay-type":"","overlay-color":"","overlay-opacity":"","overlay-gradient":""},"mobile":{"background-color":"","background-image":"","background-repeat":"repeat","background-position":"center center","background-size":"auto","background-attachment":"scroll","background-type":"","background-media":"","overlay-type":"","overlay-color":"","overlay-opacity":"","overlay-gradient":""}},"ast-content-background-meta":{"desktop":{"background-color":"var(--ast-global-color-5)","background-image":"","background-repeat":"repeat","background-position":"center center","background-size":"auto","background-attachment":"scroll","background-type":"","background-media":"","overlay-type":"","overlay-color":"","overlay-opacity":"","overlay-gradient":""},"tablet":{"background-color":"var(--ast-global-color-5)","background-image":"","background-repeat":"repeat","background-position":"center center","background-size":"auto","background-attachment":"scroll","background-type":"","background-media":"","overlay-type":"","overlay-color":"","overlay-opacity":"","overlay-gradient":""},"mobile":{"background-color":"var(--ast-global-color-5)","background-image":"","background-repeat":"repeat","background-position":"center center","background-size":"auto","background-attachment":"scroll","background-type":"","background-media":"","overlay-type":"","overlay-color":"","overlay-opacity":"","overlay-gradient":""}},"_themeisle_gutenberg_block_has_review":false,"footnotes":""},"class_list":["post-25533","page","type-page","status-publish","hentry"],"acf":[],"featured_image_urls_v2":{"full":"","thumbnail":"","medium":"","medium_large":"","large":"","1536x1536":"","2048x2048":"","menu-24x24":"","menu-36x36":"","menu-48x48":""},"post_excerpt_stackable_v2":"<p>Biblioteka szkolnaBibliotekarstwo. Czytelnictwo.BiblioterapiaCzasopismaDzia\u0142yFilie Biblioteki Pedagogicznej w Ostro\u0142\u0119ceGDPRInneKlauzula informacyjnaLibraLog inMoje wiadomo\u015bciOchrona danych osobowychPatologia spo\u0142eczna. Agresywno\u015b\u0107. Uzale\u017cnienia. PrzemocPedagogika. Szkolnictwo. O\u015bwiata. Wychowanie.Podstawowe kierunki realizacji polityki o\u015bwiatowej panstwa w roku szkolnym 2021\/2022Potwierdzenie realizacjiPriorytety MENProcedura COVID 19Propozycja zakupuPrzegl\u0105danie zg\u0142osze\u0144PsychologiaRegulaminySprawd\u017aTematyczne zestawienia zbior\u00f3w specjalnychUs\u0142ugiWspomnieniaWydarzeniaZbioryZg\u0142oszenie potwierdzoneZgoda na otrzymywanie wiadomo\u015bci zwi\u0105zanych z wydarzeniami i wideokonferencjami\u0414\u0435\u043a\u043b\u0430\u0440\u0430\u0446\u0438\u044f \u043e \u0434\u043e\u0441\u0442\u0443\u043f\u043d\u043e\u0441\u0442\u0438\u0414\u043e\u043c\u043e\u0439\u041a\u0430\u0440\u0442\u0430 \u0441\u0430\u0439\u0442\u0430\u043a\u043e\u043d\u0442\u0430\u043a\u0442\u041d\u043e\u0432\u043e\u0441\u0442\u0438\u043f\u043e\u043b\u0438\u0442\u0438\u043a\u0430 \u043a\u043e\u043d\u0444\u0438\u0434\u0435\u043d\u0446\u0438\u0430\u043b\u044c\u043d\u043e\u0441\u0442\u0438\u041f\u0440\u043e\u0444\u0438\u043b\u044c \u043f\u043e\u043b\u044c\u0437\u043e\u0432\u0430\u0442\u0435\u043b\u044fMoje kursy\u041c\u043e\u0438 \u0432\u0438\u0434\u0435\u043e\u043a\u043e\u043d\u0444\u0435\u0440\u0435\u043d\u0446\u0438\u0438\u041c\u043e\u0438 \u0432\u044b\u0441\u0442\u0430\u0432\u043a\u0438\u041c\u043e\u0438 \u0436\u0430\u043b\u043e\u0431\u044b \u0438 \u043f\u0440\u043e\u0441\u044c\u0431\u044b\u041c\u043e\u0438 \u0437\u0430\u043f\u0440\u043e\u0441\u044b\u041c\u043e\u0438 \u043a\u0443\u0440\u0441\u044b\u041c\u043e\u0438 \u043e\u0448\u0438\u0431\u043a\u0438\u041c\u043e\u0438 \u043f\u0440\u0430\u043a\u0442\u0438\u043a\u0438\u041c\u043e\u0438 \u043f\u0440\u0435\u0434\u043b\u043e\u0436\u0435\u043d\u0438\u044f \u043f\u043e \u043f\u043e\u043a\u0443\u043f\u043a\u0435\u041c\u043e\u0438 \u0441\u043a\u0430\u043d\u044b\u041c\u043e\u0438 \u0441\u043e\u0431\u044b\u0442\u0438\u044f\u041c\u043e\u0438 \u0441\u043e\u0433\u043b\u0430\u0441\u0438\u044f\u041c\u043e\u0438 \u0441\u043e\u043e\u0431\u0449\u0435\u043d\u0438\u044f\u041c\u043e\u0438 \u0441\u043f\u0438\u0441\u043a\u0438 \u0431\u0438\u0431\u043b\u0438\u043e\u0442\u0435\u043a\u041c\u043e\u0438 \u0441\u0442\u0430\u0442\u044c\u0438\u041c\u043e\u0438 \u0443\u0440\u043e\u043a\u0438 \u0432 \u0431\u0438\u0431\u043b\u0438\u043e\u0442\u0435\u043a\u0435\u041c\u043e\u0439 \u043f\u0440\u043e\u0444\u0430\u0439\u043b\u0420\u0435\u0434\u0430\u043a\u0442\u0438\u0440\u043e\u0432\u0430\u0442\u044c \u043f\u0440\u043e\u0444\u0438\u043b\u044c\u0440\u0435\u0433\u0438\u0441\u0442\u0440\u0420\u0435\u0433\u043b\u0430\u043c\u0435\u043d\u0442 \u0440\u043e\u0437\u0441\u0438\u043b\u043a\u0438<\/p>\n","category_list_v2":"","author_info_v2":{"name":"Artur Morawski","url":"https:\/\/bpmakowmaz.pl\/ru\/author\/artur\/"},"comments_num_v2":"0 \u043a\u043e\u043c\u043c\u0435\u043d\u0442\u0430\u0440\u0438\u0435\u0432","_links":{"self":[{"href":"https:\/\/bpmakowmaz.pl\/ru\/wp-json\/wp\/v2\/pages\/25533","targetHints":{"allow":["GET"]}}],"collection":[{"href":"https:\/\/bpmakowmaz.pl\/ru\/wp-json\/wp\/v2\/pages"}],"about":[{"href":"https:\/\/bpmakowmaz.pl\/ru\/wp-json\/wp\/v2\/types\/page"}],"author":[{"embeddable":true,"href":"https:\/\/bpmakowmaz.pl\/ru\/wp-json\/wp\/v2\/users\/207"}],"replies":[{"embeddable":true,"href":"https:\/\/bpmakowmaz.pl\/ru\/wp-json\/wp\/v2\/comments?post=25533"}],"version-history":[{"count":2,"href":"https:\/\/bpmakowmaz.pl\/ru\/wp-json\/wp\/v2\/pages\/25533\/revisions"}],"predecessor-version":[{"id":27694,"href":"https:\/\/bpmakowmaz.pl\/ru\/wp-json\/wp\/v2\/pages\/25533\/revisions\/27694"}],"wp:attachment":[{"href":"https:\/\/bpmakowmaz.pl\/ru\/wp-json\/wp\/v2\/media?parent=25533"}],"curies":[{"name":"wp","href":"https:\/\/api.w.org\/{rel}","templated":true}]}}