{"id":19697,"date":"2021-12-07T14:31:12","date_gmt":"2021-12-07T13:31:12","guid":{"rendered":"https:\/\/bpmakowmaz.pl\/uslugi\/"},"modified":"2021-12-07T14:31:12","modified_gmt":"2021-12-07T13:31:12","slug":"uslugi","status":"publish","type":"page","link":"https:\/\/bpmakowmaz.pl\/ru\/uslugi\/","title":{"rendered":"Us\u0142ugi"},"content":{"rendered":"\n<p><strong>UDOST\u0118PNIANIE ZBIOR\u00d3W<\/strong><\/p>\n\n\n\n<ul class=\"wp-block-list\"><li>na zewn\u0105trz, poza bibliotek\u0119 \u2013 w Wypo\u017cyczalni i Dziale Zbior\u00f3w Specjalnych,<\/li><li>prezencyjnie, na miejscu oraz w ramach wypo\u017cycze\u0144 weekendowych i nocnych \u2013 w Czytelni,<\/li><li>wypo\u017cyczalnia mi\u0119dzybiblioteczna,<\/li><li><a href=\"https:\/\/academica.edu.pl\/\" target=\"_blank\" rel=\"noreferrer noopener\">ACADEMICA<\/a>\u00a0\u2013 Cyfrowa Wypo\u017cyczalnia Mi\u0119dzybiblioteczna Ksi\u0105\u017cek i Czasopism Naukowych,<\/li><li><a href=\"https:\/\/bpmakowmaz.pl\/libra\/\">IBUK libra<\/a>\u00a0\u2013 Czytelnia Ksi\u0105\u017cek Elektronicznych,<\/li><\/ul>\n\n\n\n<p>Bezp\u0142atny dost\u0119p do Internetu.<br><em>Szczeg\u00f3\u0142owe uregulowania dotycz\u0105ce udost\u0119pniania i wypo\u017cycze\u0144 mi\u0119dzybibliotecznych znajduj\u0105 si\u0119 w Regulaminie korzystania ze zbior\u00f3w Biblioteki Pedagogicznej w Ostro\u0142\u0119ce.<\/em><\/p>\n\n\n\n<p><strong>DZIA\u0141ALNO\u015a\u0106 INFORMACYJNO- BIBLIOGRAFICZNA<\/strong><\/p>\n\n\n\n<ul class=\"wp-block-list\"><li>opracowanie tematycznych zestawie\u0144 bibliograficznych<\/li><li>opracowanie Serwisu Prasowego<\/li><li>udzielanie informacji bibliograficznych i pokrewnych<\/li><li>prowadzenie bazy artyku\u0142\u00f3w z czasopism<\/li><li>popularyzacja zbior\u00f3w przez organizowanie wystaw nowo\u015bci, ekspozycji tematycznych<\/li><\/ul>\n\n\n\n<p><strong>DZIA\u0141ALNO\u015a\u0106 DYDAKTYCZNO-METODYCZNA<\/strong><\/p>\n\n\n\n<ul class=\"wp-block-list\"><li>szkolenia u\u017cytkownik\u00f3w Biblioteki<\/li><li>warsztaty i spotkania autorskie dla nauczycieli<\/li><li>zaj\u0119cia biblioteczne i&nbsp; warsztaty dla uczni\u00f3w<\/li><li>konkursy popularyzuj\u0105ce Bibliotek\u0119 i czytelnictwo<\/li><li>udzielanie indywidualnych konsultacji bibliotekarzom szkolnym<\/li><\/ul>\n\n\n\n<p><strong>US\u0141UGI REPROGRAFICZNE<\/strong><\/p>\n\n\n\n<ul class=\"wp-block-list\"><li>Skany wykonywane s\u0105 dla czytelnik\u00f3w zarejestrowanych w Bibliotece Pedagogicznej w Ostro\u0142\u0119ce i filiach w Makowie Maz., Ostrowi Maz., Przasnyszu i Wyszkowie.<\/li><li>Zam\u00f3wienia na skany s\u0105 realizowane tylko w\u00f3wczas, je\u015bli w bibliotece, w kt\u00f3rej czytelnik jest zarejestrowany brak poszukiwanych czasopism.<\/li><li>Skanowanie materia\u0142\u00f3w bibliotecznych ze zbior\u00f3w Biblioteki Pedagogicznej w Ostro\u0142\u0119ce odbywa si\u0119 wy\u0142\u0105cznie z poszanowaniem prawa autorskiego.<\/li><li>Zgodnie z Ustaw\u0105 o prawie autorskim i prawach pokrewnych skanowane mog\u0105 by\u0107 tylko fragmenty opublikowanych materia\u0142\u00f3w nie wi\u0119ksze ni\u017c 1 arkusz wydawniczy (do 22 stron). (Dz. U. 1994, Nr 24, poz. 83 z p\u00f3\u017an. zm.).<\/li><li>W zale\u017cno\u015bci od stanu zachowania materia\u0142u bibliotekarz ma prawo odm\u00f3wi\u0107 wykonania tej us\u0142ugi.<\/li><li>Biblioteka Pedagogiczna w Ostro\u0142\u0119ce wykonuje skany&nbsp; artyku\u0142\u00f3w z czasopism.<\/li><li>Skany zapisywane s\u0105 w formacie jpg. W tym formacie zeskanowane materia\u0142y przesy\u0142ane s\u0105 za pomoc\u0105 poczty elektronicznej do zamawiaj\u0105cej biblioteki.<\/li><li>Czytelnik zostaje poinformowany o nadej\u015bciu skan\u00f3w.<\/li><li>Zam\u00f3wione materia\u0142y biblioteczne mog\u0105 by\u0107 wykorzystywane tylko w celach niekomercyjnych.<\/li><\/ul>\n","protected":false},"excerpt":{"rendered":"<p>UDOST\u0118PNIANIE ZBIOR\u00d3W na zewn\u0105trz, poza bibliotek\u0119 \u2013 w Wypo\u017cyczalni i Dziale Zbior\u00f3w Specjalnych, prezencyjnie, na miejscu oraz w ramach wypo\u017cycze\u0144 [&hellip;]<\/p>\n","protected":false},"author":10,"featured_media":0,"parent":0,"menu_order":0,"comment_status":"closed","ping_status":"closed","template":"","meta":{"_acf_changed":false,"_oasis_is_in_workflow":0,"_oasis_original":0,"inline_featured_image":false,"site-sidebar-layout":"default","site-content-layout":"","ast-site-content-layout":"default","site-content-style":"default","site-sidebar-style":"default","ast-global-header-display":"","ast-banner-title-visibility":"","ast-main-header-display":"","ast-hfb-above-header-display":"","ast-hfb-below-header-display":"","ast-hfb-mobile-header-display":"","site-post-title":"","ast-breadcrumbs-content":"","ast-featured-img":"","footer-sml-layout":"","ast-disable-related-posts":"","theme-transparent-header-meta":"","adv-header-id-meta":"","stick-header-meta":"","header-above-stick-meta":"","header-main-stick-meta":"","header-below-stick-meta":"","astra-migrate-meta-layouts":"default","ast-page-background-enabled":"default","ast-page-background-meta":{"desktop":{"background-color":"","background-image":"","background-repeat":"repeat","background-position":"center center","background-size":"auto","background-attachment":"scroll","background-type":"","background-media":"","overlay-type":"","overlay-color":"","overlay-opacity":"","overlay-gradient":""},"tablet":{"background-color":"","background-image":"","background-repeat":"repeat","background-position":"center center","background-size":"auto","background-attachment":"scroll","background-type":"","background-media":"","overlay-type":"","overlay-color":"","overlay-opacity":"","overlay-gradient":""},"mobile":{"background-color":"","background-image":"","background-repeat":"repeat","background-position":"center center","background-size":"auto","background-attachment":"scroll","background-type":"","background-media":"","overlay-type":"","overlay-color":"","overlay-opacity":"","overlay-gradient":""}},"ast-content-background-meta":{"desktop":{"background-color":"var(--ast-global-color-5)","background-image":"","background-repeat":"repeat","background-position":"center center","background-size":"auto","background-attachment":"scroll","background-type":"","background-media":"","overlay-type":"","overlay-color":"","overlay-opacity":"","overlay-gradient":""},"tablet":{"background-color":"var(--ast-global-color-5)","background-image":"","background-repeat":"repeat","background-position":"center center","background-size":"auto","background-attachment":"scroll","background-type":"","background-media":"","overlay-type":"","overlay-color":"","overlay-opacity":"","overlay-gradient":""},"mobile":{"background-color":"var(--ast-global-color-5)","background-image":"","background-repeat":"repeat","background-position":"center center","background-size":"auto","background-attachment":"scroll","background-type":"","background-media":"","overlay-type":"","overlay-color":"","overlay-opacity":"","overlay-gradient":""}},"_themeisle_gutenberg_block_has_review":false,"footnotes":""},"class_list":["post-19697","page","type-page","status-publish","hentry"],"acf":[],"featured_image_urls_v2":{"full":"","thumbnail":"","medium":"","medium_large":"","large":"","1536x1536":"","2048x2048":"","menu-24x24":"","menu-36x36":"","menu-48x48":""},"post_excerpt_stackable_v2":"<p>UDOST\u0118PNIANIE ZBIOR\u00d3W na zewn\u0105trz, poza bibliotek\u0119 \u2013 w Wypo\u017cyczalni i Dziale Zbior\u00f3w Specjalnych,prezencyjnie, na miejscu oraz w ramach wypo\u017cycze\u0144 weekendowych i nocnych \u2013 w Czytelni,wypo\u017cyczalnia mi\u0119dzybiblioteczna,ACADEMICA\u00a0\u2013 Cyfrowa Wypo\u017cyczalnia Mi\u0119dzybiblioteczna Ksi\u0105\u017cek i Czasopism Naukowych,IBUK libra\u00a0\u2013 Czytelnia Ksi\u0105\u017cek Elektronicznych, Bezp\u0142atny dost\u0119p do Internetu.Szczeg\u00f3\u0142owe uregulowania dotycz\u0105ce udost\u0119pniania i wypo\u017cycze\u0144 mi\u0119dzybibliotecznych znajduj\u0105 si\u0119 w Regulaminie korzystania ze zbior\u00f3w Biblioteki Pedagogicznej w Ostro\u0142\u0119ce. DZIA\u0141ALNO\u015a\u0106 INFORMACYJNO- BIBLIOGRAFICZNA opracowanie tematycznych zestawie\u0144 bibliograficznychopracowanie Serwisu Prasowegoudzielanie informacji bibliograficznych i pokrewnychprowadzenie bazy artyku\u0142\u00f3w z czasopismpopularyzacja zbior\u00f3w przez organizowanie wystaw nowo\u015bci, ekspozycji tematycznych DZIA\u0141ALNO\u015a\u0106 DYDAKTYCZNO-METODYCZNA szkolenia u\u017cytkownik\u00f3w Bibliotekiwarsztaty i spotkania autorskie dla nauczycielizaj\u0119cia biblioteczne i&nbsp; warsztaty dla uczni\u00f3wkonkursy popularyzuj\u0105ce Bibliotek\u0119 i&hellip;<\/p>\n","category_list_v2":"","author_info_v2":{"name":"bWdyemVnb3Jjenlr","url":"https:\/\/bpmakowmaz.pl\/ru\/author\/bwdyemvnb3jjenlr\/"},"comments_num_v2":"0 \u043a\u043e\u043c\u043c\u0435\u043d\u0442\u0430\u0440\u0438\u0435\u0432","_links":{"self":[{"href":"https:\/\/bpmakowmaz.pl\/ru\/wp-json\/wp\/v2\/pages\/19697","targetHints":{"allow":["GET"]}}],"collection":[{"href":"https:\/\/bpmakowmaz.pl\/ru\/wp-json\/wp\/v2\/pages"}],"about":[{"href":"https:\/\/bpmakowmaz.pl\/ru\/wp-json\/wp\/v2\/types\/page"}],"author":[{"embeddable":true,"href":"https:\/\/bpmakowmaz.pl\/ru\/wp-json\/wp\/v2\/users\/10"}],"replies":[{"embeddable":true,"href":"https:\/\/bpmakowmaz.pl\/ru\/wp-json\/wp\/v2\/comments?post=19697"}],"version-history":[{"count":0,"href":"https:\/\/bpmakowmaz.pl\/ru\/wp-json\/wp\/v2\/pages\/19697\/revisions"}],"wp:attachment":[{"href":"https:\/\/bpmakowmaz.pl\/ru\/wp-json\/wp\/v2\/media?parent=19697"}],"curies":[{"name":"wp","href":"https:\/\/api.w.org\/{rel}","templated":true}]}}