{"id":15225,"date":"2021-12-07T14:25:20","date_gmt":"2021-12-07T13:25:20","guid":{"rendered":"https:\/\/bpmakowmaz.pl\/?page_id=15225"},"modified":"2021-12-07T14:31:56","modified_gmt":"2021-12-07T13:31:56","slug":"libra","status":"publish","type":"page","link":"https:\/\/bpmakowmaz.pl\/ru\/libra\/","title":{"rendered":"Libra"},"content":{"rendered":"\n<div class=\"wp-block-columns is-layout-flex wp-container-core-columns-is-layout-28f84493 wp-block-columns-is-layout-flex\">\n<div class=\"wp-block-column is-layout-flow wp-block-column-is-layout-flow\" style=\"flex-basis:33.33%\">\n<div class=\"wp-block-image\"><figure class=\"aligncenter size-full\"><img loading=\"lazy\" decoding=\"async\" width=\"246\" height=\"300\" src=\"https:\/\/bpmakowmaz.pl\/wp-content\/uploads\/sites\/57\/2021\/12\/libra122021-246x300-1.jpg\" alt=\"\" class=\"wp-image-15229\" srcset=\"https:\/\/bpmakowmaz.pl\/wp-content\/uploads\/sites\/57\/2021\/12\/libra122021-246x300-1.jpg 246w, https:\/\/bpmakowmaz.pl\/wp-content\/uploads\/sites\/57\/2021\/12\/libra122021-246x300-1-20x24.jpg 20w, https:\/\/bpmakowmaz.pl\/wp-content\/uploads\/sites\/57\/2021\/12\/libra122021-246x300-1-30x36.jpg 30w, https:\/\/bpmakowmaz.pl\/wp-content\/uploads\/sites\/57\/2021\/12\/libra122021-246x300-1-39x48.jpg 39w\" sizes=\"auto, (max-width: 246px) 100vw, 246px\" \/><\/figure><\/div>\n<\/div>\n\n\n\n<div class=\"wp-block-column is-layout-flow wp-block-column-is-layout-flow\" style=\"flex-basis:66.66%\">\n<p><strong>Ksi\u0105\u017cka Miesi\u0105ca IBUK LIBRA \u2013 GRUDZIE\u0143 2021<\/strong><\/p>\n\n\n\n<p>Ksi\u0105\u017ck\u0105 grudnia w IBUKU Librze zostaje tytu\u0142&nbsp;&nbsp;<em><strong>O ziemia\u0144skim \u015bwi\u0119-towaniu<\/strong><\/em>&nbsp;autorstwa Tomasza Adama Pruszaka.<\/p>\n\n\n\n<p>Pi\u0119kne i bogate polskie tradycje \u015bwi\u0105teczne wywodz\u0105 si\u0119 mi\u0119dzy in-nymi z kultury szlacheckiej. Jak w maj\u0105tkach ziemia\u0144skich \u015bwi\u0119towa-no Bo\u017ce Narodzenie i Wielkanoc na prze\u0142omie XIX i XX wieku i ile z tych zwyczaj\u00f3w przetrwa\u0142o do dzi\u015b?<br>Autor, na przyk\u0142adzie wspomnie\u0144 oraz osobistych relacji ziemian, wprowadza nas w atmos-fer\u0119 najwa\u017cniejszych i niezwykle barwnych \u015bwi\u0105t w tradycji katolickiej. Opowiada o przygo-towaniach w kuchni i w salonie, porywa w wir spotka\u0144 rodziny i s\u0105siad\u00f3w, \u015bwi\u0105tecznych ob-chod\u00f3w i karnawa\u0142owych zabaw. Niebagateln\u0105 zalet\u0105 opracowania jest materia\u0142 ilustracyjny \u2013 bogaty wyb\u00f3r archiwalnych zdj\u0119\u0107, malarstwa, a tak\u017ce zbi\u00f3r XIX-wiecznych rycin..<\/p>\n\n\n\n<p>Zach\u0119camy do lektury&nbsp;<a href=\"https:\/\/libra.ibuk.pl\/reader\/o-ziemianskim-swietowaniu-tomasz-adam-pruszak-238344\" target=\"_blank\" rel=\"noopener\">O ziemia\u0144skim \u015bwi\u0119towaniu<\/a><\/p>\n\n\n\n<p><em>Zesp\u00f3\u0142 IBUK Libra oraz Biblioteka Pedagogiczna w Ostro\u0142\u0119ce<\/em><\/p>\n<\/div>\n<\/div>\n\n\n\n<div class=\"wp-block-file\"><a href=\"https:\/\/bpmakowmaz.pl\/wp-content\/uploads\/sites\/57\/2021\/12\/Librainstrukcja.pdf\">Instrukcja korzystania<\/a><a href=\"https:\/\/bpmakowmaz.pl\/wp-content\/uploads\/sites\/57\/2021\/12\/Librainstrukcja.pdf\" class=\"wp-block-file__button\" download>Pobierz<\/a><\/div>\n\n\n\n<p><a href=\"http:\/\/libra.ibuk.pl\/\" target=\"_blank\" rel=\"noreferrer noopener\">IBUK LIBRA<\/a><\/p>\n","protected":false},"excerpt":{"rendered":"<p>Ksi\u0105\u017cka Miesi\u0105ca IBUK LIBRA \u2013 GRUDZIE\u0143 2021 Ksi\u0105\u017ck\u0105 grudnia w IBUKU Librze zostaje tytu\u0142&nbsp;&nbsp;O ziemia\u0144skim \u015bwi\u0119-towaniu&nbsp;autorstwa Tomasza Adama Pruszaka. Pi\u0119kne [&hellip;]<\/p>\n","protected":false},"author":10,"featured_media":0,"parent":0,"menu_order":0,"comment_status":"closed","ping_status":"closed","template":"","meta":{"_acf_changed":false,"_oasis_is_in_workflow":0,"_oasis_original":0,"inline_featured_image":false,"site-sidebar-layout":"default","site-content-layout":"","ast-site-content-layout":"default","site-content-style":"default","site-sidebar-style":"default","ast-global-header-display":"","ast-banner-title-visibility":"","ast-main-header-display":"","ast-hfb-above-header-display":"","ast-hfb-below-header-display":"","ast-hfb-mobile-header-display":"","site-post-title":"","ast-breadcrumbs-content":"","ast-featured-img":"","footer-sml-layout":"","ast-disable-related-posts":"","theme-transparent-header-meta":"","adv-header-id-meta":"","stick-header-meta":"","header-above-stick-meta":"","header-main-stick-meta":"","header-below-stick-meta":"","astra-migrate-meta-layouts":"default","ast-page-background-enabled":"default","ast-page-background-meta":{"desktop":{"background-color":"","background-image":"","background-repeat":"repeat","background-position":"center center","background-size":"auto","background-attachment":"scroll","background-type":"","background-media":"","overlay-type":"","overlay-color":"","overlay-opacity":"","overlay-gradient":""},"tablet":{"background-color":"","background-image":"","background-repeat":"repeat","background-position":"center center","background-size":"auto","background-attachment":"scroll","background-type":"","background-media":"","overlay-type":"","overlay-color":"","overlay-opacity":"","overlay-gradient":""},"mobile":{"background-color":"","background-image":"","background-repeat":"repeat","background-position":"center center","background-size":"auto","background-attachment":"scroll","background-type":"","background-media":"","overlay-type":"","overlay-color":"","overlay-opacity":"","overlay-gradient":""}},"ast-content-background-meta":{"desktop":{"background-color":"var(--ast-global-color-5)","background-image":"","background-repeat":"repeat","background-position":"center center","background-size":"auto","background-attachment":"scroll","background-type":"","background-media":"","overlay-type":"","overlay-color":"","overlay-opacity":"","overlay-gradient":""},"tablet":{"background-color":"var(--ast-global-color-5)","background-image":"","background-repeat":"repeat","background-position":"center center","background-size":"auto","background-attachment":"scroll","background-type":"","background-media":"","overlay-type":"","overlay-color":"","overlay-opacity":"","overlay-gradient":""},"mobile":{"background-color":"var(--ast-global-color-5)","background-image":"","background-repeat":"repeat","background-position":"center center","background-size":"auto","background-attachment":"scroll","background-type":"","background-media":"","overlay-type":"","overlay-color":"","overlay-opacity":"","overlay-gradient":""}},"_themeisle_gutenberg_block_has_review":false,"footnotes":""},"class_list":["post-15225","page","type-page","status-publish","hentry"],"acf":[],"featured_image_urls_v2":{"full":"","thumbnail":"","medium":"","medium_large":"","large":"","1536x1536":"","2048x2048":"","menu-24x24":"","menu-36x36":"","menu-48x48":""},"post_excerpt_stackable_v2":"<p>Ksi\u0105\u017cka Miesi\u0105ca IBUK LIBRA \u2013 GRUDZIE\u0143 2021 Ksi\u0105\u017ck\u0105 grudnia w IBUKU Librze zostaje tytu\u0142&nbsp;&nbsp;O ziemia\u0144skim \u015bwi\u0119-towaniu&nbsp;autorstwa Tomasza Adama Pruszaka. Pi\u0119kne i bogate polskie tradycje \u015bwi\u0105teczne wywodz\u0105 si\u0119 mi\u0119dzy in-nymi z kultury szlacheckiej. Jak w maj\u0105tkach ziemia\u0144skich \u015bwi\u0119towa-no Bo\u017ce Narodzenie i Wielkanoc na prze\u0142omie XIX i XX wieku i ile z tych zwyczaj\u00f3w przetrwa\u0142o do dzi\u015b?Autor, na przyk\u0142adzie wspomnie\u0144 oraz osobistych relacji ziemian, wprowadza nas w atmos-fer\u0119 najwa\u017cniejszych i niezwykle barwnych \u015bwi\u0105t w tradycji katolickiej. Opowiada o przygo-towaniach w kuchni i w salonie, porywa w wir spotka\u0144 rodziny i s\u0105siad\u00f3w, \u015bwi\u0105tecznych ob-chod\u00f3w i karnawa\u0142owych zabaw. Niebagateln\u0105 zalet\u0105 opracowania jest materia\u0142 ilustracyjny&hellip;<\/p>\n","category_list_v2":"","author_info_v2":{"name":"bWdyemVnb3Jjenlr","url":"https:\/\/bpmakowmaz.pl\/ru\/author\/bwdyemvnb3jjenlr\/"},"comments_num_v2":"0 \u043a\u043e\u043c\u043c\u0435\u043d\u0442\u0430\u0440\u0438\u0435\u0432","_links":{"self":[{"href":"https:\/\/bpmakowmaz.pl\/ru\/wp-json\/wp\/v2\/pages\/15225","targetHints":{"allow":["GET"]}}],"collection":[{"href":"https:\/\/bpmakowmaz.pl\/ru\/wp-json\/wp\/v2\/pages"}],"about":[{"href":"https:\/\/bpmakowmaz.pl\/ru\/wp-json\/wp\/v2\/types\/page"}],"author":[{"embeddable":true,"href":"https:\/\/bpmakowmaz.pl\/ru\/wp-json\/wp\/v2\/users\/10"}],"replies":[{"embeddable":true,"href":"https:\/\/bpmakowmaz.pl\/ru\/wp-json\/wp\/v2\/comments?post=15225"}],"version-history":[{"count":4,"href":"https:\/\/bpmakowmaz.pl\/ru\/wp-json\/wp\/v2\/pages\/15225\/revisions"}],"predecessor-version":[{"id":15235,"href":"https:\/\/bpmakowmaz.pl\/ru\/wp-json\/wp\/v2\/pages\/15225\/revisions\/15235"}],"wp:attachment":[{"href":"https:\/\/bpmakowmaz.pl\/ru\/wp-json\/wp\/v2\/media?parent=15225"}],"curies":[{"name":"wp","href":"https:\/\/api.w.org\/{rel}","templated":true}]}}