{"id":20036,"date":"2021-05-19T08:54:27","date_gmt":"2021-05-19T06:54:27","guid":{"rendered":"https:\/\/bpmakowmaz.pl\/procedura-covid-19\/"},"modified":"2022-11-04T12:50:41","modified_gmt":"2022-11-04T11:50:41","slug":"procedura-covid-19","status":"publish","type":"page","link":"https:\/\/bpmakowmaz.pl\/en\/procedura-covid-19\/","title":{"rendered":"Procedura COVID 19"},"content":{"rendered":"\n<h4 class=\"wp-block-heading\">INFORMACJE I REKOMENDACJE DLA U\u017bYTKOWNIK\u00d3W PEDAGOGICZNEJ BIBLIOTEKI WOJEW\u00d3DZKIEJ IM. KOMISJI EDUKACJI NARODOWEJ W WARSZAWIE I JEJ FILII<\/h4>\n\n\n\n<ol class=\"wp-block-list\"><li>W celu minimalizowania ryzyka zaka\u017cenia oraz zapewniania bezpiecznej obs\u0142ugi U\u017cytkownik\u00f3w wprowadza si\u0119 nast\u0119puj\u0105ce zasady korzystania z Pedagogicznej Biblioteki Wojew\u00f3dzkiej im. Komisji Edukacji Narodowej w Warszawie oraz jej pi\u0119ciu filii w miastach: B\u0142onie, Grodzisk Mazowiecki, Nowy Dw\u00f3r Mazowiecki, Sochaczew i \u017byrard\u00f3w.<\/li><li>Do odwo\u0142ania we wszystkich plac\u00f3wkach Biblioteki:<\/li><\/ol>\n\n\n\n<ul class=\"wp-block-list\"><li>zawiesza si\u0119 mo\u017cliwo\u015b\u0107 realizacji zam\u00f3wie\u0144 mi\u0119dzybibliotecznych,<\/li><li>zawiesza si\u0119 mo\u017cliwo\u015b\u0107 korzystania z Internetu na bibliotecznych komputerach, poza dost\u0119pem do katalogu INTEGRO&nbsp;oraz wypo\u017cyczalni cyfrowej Academica,<\/li><li>zawiesza si\u0119 automatyczne blokowanie konta bibliotecznego. Umo\u017cliwi to U\u017cytkownikowi zam\u00f3wienie nowych materia\u0142\u00f3w bibliotecznych, jednak warunkiem kolejnego wypo\u017cyczenia jest zwrot przetrzymywanych zbior\u00f3w oraz uregulowanie zad\u0142u\u017cenia,<\/li><li>wprowadza si\u0119 ograniczenia w ilo\u015bci dost\u0119pnych dla Czytelnik\u00f3w stanowisk komputerowych z dost\u0119pem do katalogu INTEGRO,<\/li><li>wprowadza si\u0119 bezp\u0142atn\u0105 us\u0142ug\u0119 skanowania artyku\u0142\u00f3w z czasopism oraz fragment\u00f3w z ksi\u0105\u017cek w ilo\u015bci 20 stron skan\u00f3w, na zasadach dost\u0119pnych na stronie internetowej Biblioteki.<\/li><\/ul>\n\n\n\n<ol class=\"wp-block-list\"><li>W systemie bibliotecznym Prolib okresowo zosta\u0142a uruchomiona mo\u017cliwo\u015b\u0107 trzeciej prolongaty terminu zwrotu wypo\u017cyczonych zbior\u00f3w.<\/li><li>We wszystkich plac\u00f3wkach obowi\u0105zuj\u0105 ograniczenia ilo\u015bci U\u017cytkownik\u00f3w jednocze\u015bnie przebywaj\u0105cych w lokalu Biblioteki:<\/li><\/ol>\n\n\n\n<figure class=\"wp-block-table\"><table><tbody><tr><td>Plac\u00f3wka<\/td><td>Wypo\u017cyczalnia<\/td><td>Czytelnia<\/td><\/tr><tr><td>Warszawa,<br>ul. Goc\u0142awska 4<\/td><td>do 3 os\u00f3b, z czego 2 osoby w Wypo\u017cyczalni oraz 1 osoba oczekuj\u0105ca w holu przed wej\u015bciem do Wypo\u017cyczalni<\/td><td>do 4 os\u00f3b<\/td><\/tr><tr><td>Filia w B\u0142oniu<\/td><td>1 osoba<\/td><td>do 2 os\u00f3b<\/td><\/tr><tr><td>Filia w Grodzisku Mazowieckim<\/td><td>do 2 os\u00f3b, z czego 1 osoba w Wypo\u017cyczalni oraz 1 osoba oczekuj\u0105ca w korytarzu<\/td><td>do 2 os\u00f3b<\/td><\/tr><tr><td>Filia<br>w Nowym Dworze Mazowieckim<\/td><td>do 2 os\u00f3b, z czego 1 osoba oczekuj\u0105ca<br>w wyznaczonym miejscu<\/td><td>do 2 os\u00f3b<\/td><\/tr><tr><td>Filia<br>w Sochaczewie<\/td><td>1 osoba<\/td><td>1 osoba<\/td><\/tr><tr><td>Filia w \u017byrardowie<\/td><td>do 2 os\u00f3b, z czego 1 osoba oczekuj\u0105ca<br>w wyznaczonym miejscu<\/td><td>do 4 os\u00f3b<\/td><\/tr><\/tbody><\/table><\/figure>\n\n\n\n<ol class=\"wp-block-list\" start=\"3\"><li>W ka\u017cdej plac\u00f3wce Biblioteki zostaje przygotowane miejsce, gdzie U\u017cytkownik b\u0119dzie m\u00f3g\u0142 pozostawi\u0107 zwracane materia\u0142y biblioteczne, bez konieczno\u015bci kontaktowania si\u0119 z personelem bibliotecznym. Dotyczy to sytuacji, gdy U\u017cytkownik jedynie zwraca wypo\u017cyczone zbiory.<\/li><li>Zwr\u00f3cone ksi\u0105\u017cki odk\u0142adane s\u0105 na 3-dniow\u0105 kwarantann\u0119, po kt\u00f3rej staj\u0105 si\u0119 ponownie dost\u0119pne do wypo\u017cyczenia.<\/li><li>U\u017cytkownicy przebywaj\u0105cy w lokalach Biblioteki obowi\u0105zani s\u0105 do zachowania dystansu przestrzennego (1,5 \u2013 2 m) oraz nieprzekraczania wyznaczonych linii, je\u015bli takie s\u0105 wyznaczone.<\/li><li>Do plac\u00f3wek Biblioteki U\u017cytkownik mo\u017ce wej\u015b\u0107 jedynie w\u00f3wczas, gdy posiada ochron\u0119 zakrywaj\u0105c\u0105 usta i nos.<\/li><li>Obowi\u0105zkiem U\u017cytkownika jest tak\u017ce dezynfekcja d\u0142oni, dodatkowo rekomendujemy zak\u0142adanie r\u0119kawic ochronnych. P\u0142yny do dezynfekcji oraz jednorazowe r\u0119kawice ochronne dost\u0119pne s\u0105 w ka\u017cdej plac\u00f3wce Biblioteki.<\/li><li>Pracownik Biblioteki mo\u017ce odm\u00f3wi\u0107 obs\u0142ugi U\u017cytkownikowi w przypadku nieprzestrzegania przez niego powy\u017cszych wymog\u00f3w sanitarnych.<\/li><li>W zale\u017cno\u015bci od rozwoju sytuacji epidemicznej powy\u017csze zasady mog\u0105 ulega\u0107 zmianom, o kt\u00f3rych na bie\u017c\u0105co b\u0119dziemy Pa\u0144stwa informowa\u0107.<\/li><li>Pozosta\u0142e rekomendacje dla U\u017cytkownik\u00f3w:<\/li><\/ol>\n\n\n\n<ul class=\"wp-block-list\"><li>zach\u0119camy do korzystania ze zbior\u00f3w dost\u0119pnych on-line z oferty czytelni internetowej IBUK Libra, do kt\u00f3rych Biblioteka wykupi\u0142a dost\u0119p; kody dost\u0119pu U\u017cytkownik zapisany do Biblioteki mo\u017ce zam\u00f3wi\u0107 i otrzyma\u0107 mailowo,<\/li><li>prosimy o sk\u0142adanie zam\u00f3wie\u0144 poprzez konto internetowe z komputer\u00f3w spoza plac\u00f3wek Biblioteki b\u0105d\u017a przy pomocy urz\u0105dze\u0144 mobilnych,<\/li><li>w przypadku braku mo\u017cliwo\u015bci z\u0142o\u017cenia zam\u00f3wienia on-line oferujemy telefoniczne oraz mailowe zamawianie pozycji,<\/li><\/ul>\n\n\n\n<ul class=\"wp-block-list\"><li>osoby chc\u0105ce zapisa\u0107 si\u0119 do Biblioteki prosimy o wcze\u015bniejsze zapoznanie si\u0119 z \u201eRegulaminem Udost\u0119pniania Zbior\u00f3w i \u015awiadczenia Us\u0142ug w Pedagogicznej Bibliotece Wojew\u00f3dzkiej (\u2026) dost\u0119pnym na stronie internetowej Biblioteki,<\/li><li>prosimy o nieprzychodzenie z dzie\u0107mi; obecno\u015b\u0107 dziecka zwi\u0119ksza ilo\u015b\u0107 os\u00f3b prze-bywaj\u0105cych w plac\u00f3wce, tym samym uniemo\u017cliwia innym doros\u0142ym U\u017cytkownikom skorzystanie z us\u0142ug Biblioteki,<\/li><li>prosimy o nieprzychodzenie do plac\u00f3wek Biblioteki w przypadku stwierdzenia u siebie podwy\u017cszonej temperatury, b\u0105d\u017a innych objaw\u00f3w chorobowych, mog\u0105cych wskazywa\u0107 na zara\u017cenie wirusem COVID \u2013 19. Osoby z wyra\u017anymi objawami chorobowymi zostan\u0105 poproszone o opuszczenie Biblioteki.<\/li><\/ul>\n\n\n\n<p>RAZEM ZADBAJMY O NASZE WSP\u00d3LNE BEZPIECZE\u0143STWO I ZDROWIE<\/p>\n","protected":false},"excerpt":{"rendered":"<p>INFORMACJE I REKOMENDACJE DLA U\u017bYTKOWNIK\u00d3W PEDAGOGICZNEJ BIBLIOTEKI WOJEW\u00d3DZKIEJ IM. KOMISJI EDUKACJI NARODOWEJ W WARSZAWIE I JEJ FILII W celu minimalizowania [&hellip;]<\/p>\n","protected":false},"author":2,"featured_media":0,"parent":0,"menu_order":0,"comment_status":"closed","ping_status":"closed","template":"","meta":{"_acf_changed":false,"_oasis_is_in_workflow":0,"_oasis_original":0,"inline_featured_image":false,"site-sidebar-layout":"default","site-content-layout":"default","ast-site-content-layout":"default","site-content-style":"default","site-sidebar-style":"default","ast-global-header-display":"","ast-banner-title-visibility":"","ast-main-header-display":"","ast-hfb-above-header-display":"","ast-hfb-below-header-display":"","ast-hfb-mobile-header-display":"","site-post-title":"","ast-breadcrumbs-content":"","ast-featured-img":"","footer-sml-layout":"","ast-disable-related-posts":"","theme-transparent-header-meta":"default","adv-header-id-meta":"","stick-header-meta":"","header-above-stick-meta":"","header-main-stick-meta":"","header-below-stick-meta":"","astra-migrate-meta-layouts":"default","ast-page-background-enabled":"default","ast-page-background-meta":{"desktop":{"background-color":"","background-image":"","background-repeat":"repeat","background-position":"center center","background-size":"auto","background-attachment":"scroll","background-type":"","background-media":"","overlay-type":"","overlay-color":"","overlay-opacity":"","overlay-gradient":""},"tablet":{"background-color":"","background-image":"","background-repeat":"repeat","background-position":"center center","background-size":"auto","background-attachment":"scroll","background-type":"","background-media":"","overlay-type":"","overlay-color":"","overlay-opacity":"","overlay-gradient":""},"mobile":{"background-color":"","background-image":"","background-repeat":"repeat","background-position":"center center","background-size":"auto","background-attachment":"scroll","background-type":"","background-media":"","overlay-type":"","overlay-color":"","overlay-opacity":"","overlay-gradient":""}},"ast-content-background-meta":{"desktop":{"background-color":"var(--ast-global-color-5)","background-image":"","background-repeat":"repeat","background-position":"center center","background-size":"auto","background-attachment":"scroll","background-type":"","background-media":"","overlay-type":"","overlay-color":"","overlay-opacity":"","overlay-gradient":""},"tablet":{"background-color":"var(--ast-global-color-5)","background-image":"","background-repeat":"repeat","background-position":"center center","background-size":"auto","background-attachment":"scroll","background-type":"","background-media":"","overlay-type":"","overlay-color":"","overlay-opacity":"","overlay-gradient":""},"mobile":{"background-color":"var(--ast-global-color-5)","background-image":"","background-repeat":"repeat","background-position":"center center","background-size":"auto","background-attachment":"scroll","background-type":"","background-media":"","overlay-type":"","overlay-color":"","overlay-opacity":"","overlay-gradient":""}},"_themeisle_gutenberg_block_has_review":false,"footnotes":""},"class_list":["post-20036","page","type-page","status-publish","hentry"],"acf":[],"featured_image_urls_v2":{"full":"","thumbnail":"","medium":"","medium_large":"","large":"","1536x1536":"","2048x2048":"","menu-24x24":"","menu-36x36":"","menu-48x48":""},"post_excerpt_stackable_v2":"<p>INFORMACJE I REKOMENDACJE DLA U\u017bYTKOWNIK\u00d3W PEDAGOGICZNEJ BIBLIOTEKI WOJEW\u00d3DZKIEJ IM. KOMISJI EDUKACJI NARODOWEJ W WARSZAWIE I JEJ FILII W celu minimalizowania ryzyka zaka\u017cenia oraz zapewniania bezpiecznej obs\u0142ugi U\u017cytkownik\u00f3w wprowadza si\u0119 nast\u0119puj\u0105ce zasady korzystania z Pedagogicznej Biblioteki Wojew\u00f3dzkiej im. Komisji Edukacji Narodowej w Warszawie oraz jej pi\u0119ciu filii w miastach: B\u0142onie, Grodzisk Mazowiecki, Nowy Dw\u00f3r Mazowiecki, Sochaczew i \u017byrard\u00f3w.Do odwo\u0142ania we wszystkich plac\u00f3wkach Biblioteki: zawiesza si\u0119 mo\u017cliwo\u015b\u0107 realizacji zam\u00f3wie\u0144 mi\u0119dzybibliotecznych,zawiesza si\u0119 mo\u017cliwo\u015b\u0107 korzystania z Internetu na bibliotecznych komputerach, poza dost\u0119pem do katalogu INTEGRO&nbsp;oraz wypo\u017cyczalni cyfrowej Academica,zawiesza si\u0119 automatyczne blokowanie konta bibliotecznego. Umo\u017cliwi to U\u017cytkownikowi zam\u00f3wienie nowych materia\u0142\u00f3w bibliotecznych, jednak warunkiem kolejnego wypo\u017cyczenia&hellip;<\/p>\n","category_list_v2":"","author_info_v2":{"name":"","url":"https:\/\/bpmakowmaz.pl\/en\/author\/"},"comments_num_v2":"0 comments","_links":{"self":[{"href":"https:\/\/bpmakowmaz.pl\/en\/wp-json\/wp\/v2\/pages\/20036","targetHints":{"allow":["GET"]}}],"collection":[{"href":"https:\/\/bpmakowmaz.pl\/en\/wp-json\/wp\/v2\/pages"}],"about":[{"href":"https:\/\/bpmakowmaz.pl\/en\/wp-json\/wp\/v2\/types\/page"}],"author":[{"embeddable":true,"href":"https:\/\/bpmakowmaz.pl\/en\/wp-json\/wp\/v2\/users\/2"}],"replies":[{"embeddable":true,"href":"https:\/\/bpmakowmaz.pl\/en\/wp-json\/wp\/v2\/comments?post=20036"}],"version-history":[{"count":1,"href":"https:\/\/bpmakowmaz.pl\/en\/wp-json\/wp\/v2\/pages\/20036\/revisions"}],"predecessor-version":[{"id":26441,"href":"https:\/\/bpmakowmaz.pl\/en\/wp-json\/wp\/v2\/pages\/20036\/revisions\/26441"}],"wp:attachment":[{"href":"https:\/\/bpmakowmaz.pl\/en\/wp-json\/wp\/v2\/media?parent=20036"}],"curies":[{"name":"wp","href":"https:\/\/api.w.org\/{rel}","templated":true}]}}